{"id":279,"date":"2022-03-04T17:58:50","date_gmt":"2022-03-04T16:58:50","guid":{"rendered":"https:\/\/www.amritnam.com\/?page_id=279"},"modified":"2023-02-06T15:31:05","modified_gmt":"2023-02-06T14:31:05","slug":"fondateur","status":"publish","type":"page","link":"https:\/\/www.amritnam.com\/fr\/fondateur\/","title":{"rendered":"Fondateur"},"content":{"rendered":"\n<h1 class=\"has-text-align-center is-style-script-headline wp-block-heading\">Satyavrati Yogi<\/h1>\n\n\n\n<p class=\"has-text-align-center has-intro-font-size\">Satyavrati Yogi a \u00e9tudi\u00e9 avec Yogi Bhajan &#8211; la source du Kundalini Yoga &#8211; et a soutenu l&#8217;institution de Yogi Bhajan en tant que membre du conseil d&#8217;administration pendant 30 ans. Satyavrati est un mentor spirituel et un gu\u00e9risseur et le fondateur et directeur de l&#8217;\u00e9cole Amrit Nam Sarovar (ANS).<\/p>\n\n\n\n<figure class=\"wp-block-image size-large is-style-clipped\"><img decoding=\"async\" src=\"https:\/\/www.amritnam.com\/wp-content\/uploads\/2022\/03\/img-0779-1024x1024.jpg\" alt=\"\" class=\"wp-image-446\"\/><\/figure>\n\n\n\n<div style=\"height:30px\" aria-hidden=\"true\" class=\"wp-block-spacer\"><\/div>\n\n\n\n<p>Satyavrati a form\u00e9 plus de 1000 enseignants et formateurs en Kundalini Yoga et Self Awakening. Apr\u00e8s 40 ans \u00e0 parcourir la plan\u00e8te et \u00e0 enseigner le Kundalini Yoga, Satyavrati s&#8217;est finalement install\u00e9 au Martinet dans les Alpes fran\u00e7aises en 2020 &#8211; l\u00e0 o\u00f9 il a commenc\u00e9 \u00e0 se d\u00e9velopper il y a 20 ans. Il consid\u00e8re Le Martinet comme un lieu phare accueillant les personnes \u00e0 la recherche d&#8217;un foyer spirituel. Des gens vivant les uns pour les autres au-del\u00e0 des fronti\u00e8res, des croyances et des religions.<\/p>\n\n\n\n<p>Au d\u00e9but de sa vie, la passion de Satyavrati pour le myst\u00e8re et la ma\u00eetrise de la vie l&#8217;a amen\u00e9 \u00e0 rechercher divers enseignements traditionnels, diffus\u00e9s \u00e0 travers la M\u00e9sopotamie, l&#8217;\u00c9gypte et la Gr\u00e8ce \u00e0 travers toutes les traditions (tib\u00e9taines, soufies, chamaniques). Il a \u00e9t\u00e9 initi\u00e9 dans diff\u00e9rentes lign\u00e9es.<\/p>\n\n\n\n<p>Satyavrati est entr\u00e9 en contact avec la vision de Sri Aurobindo : que cette humanit\u00e9 passe et qu&#8217;une NOUVELLE humanit\u00e9 se l\u00e8ve, une humanit\u00e9 enracin\u00e9e dans l&#8217;amour et la v\u00e9rit\u00e9 inconditionnels. A Findhorn et Pune, Satyavarti a v\u00e9cu des exp\u00e9riences similaires. Lorsqu&#8217;il rencontra Yogi Bhajan, il le reconnut imm\u00e9diatement comme le Ma\u00eetre qu&#8217;il cherchait depuis si longtemps ; un ma\u00eetre qui incarnait l&#8217;acc\u00e8s de cette nouvelle fr\u00e9quence pour le nouvel humain. Cette exp\u00e9rience transcendantale le mit sur son orbite et lui fit consacrer sa vie au service du nouvel humain et de la mission de Yogi Bhajan. C&#8217;est Yogi Bhajan qui l&#8217;a nomm\u00e9 Karta Singh (le Faiseur).<br><\/p>\n\n\n\n<blockquote class=\"wp-block-quote has-text-align-center is-layout-flow wp-block-quote-is-layout-flow\">\n<p>NOUS AVONS TOUTE LA PLAN\u00c8TE \u00c0 SERVIR<\/p>\n<cite><strong>SATYAVRATI <\/strong>yogi<\/cite><\/blockquote>\n\n\n\n<p>Yogi Bhajan a transmis trois acc\u00e8s :<\/p>\n\n\n\n<ul class=\"wp-block-list\" type=\"1\">\n<li>Les enseignements purs du Kundalini Yoga<\/li>\n\n\n\n<li>Le rassemblement de la Sanghat autour du SIKH Dharma et du 3HO Lifestyle<\/li>\n\n\n\n<li>La possibilit\u00e9 d&#8217;effacer le programme subconscient n\u00e9gatif par la pratique du Tantra<\/li>\n<\/ul>\n\n\n\n<p>Satyavrati a embrass\u00e9 ces trois formes de pratique. Il a re\u00e7u l&#8217;initiation de Khalsa \u00e0 Amritsar, devenant ministre du Sikh Dharma et membre Advitan du Conseil de Khalsa.<\/p>\n\n\n\n<p>Apr\u00e8s le d\u00e9c\u00e8s du Ma\u00eetre, Satyavrati cherchait une supervision spirituelle et se rendit \u00e0 Dharamsala pour rendre visite \u00e0 Tanzin Palmo, un Lama avanc\u00e9 qui passa 12 ans dans une grotte de l&#8217;Himalaya. Elle a facilit\u00e9 une rencontre avec&nbsp;Dzongsar Khyentse Rinpoch\u00e9, qui l&#8217;a invit\u00e9 pour l&#8217;initiation d&#8217;un bodhisattva. De lui, il a re\u00e7u son nom Satyavrati (celui qui fait v\u0153u de vivre pour la v\u00e9rit\u00e9).<\/p>\n\n\n\n<p>Maintenant, le nouveau monde est l\u00e0 et le nouvel humain peut commencer. Il n&#8217;est plus n\u00e9cessaire de diffuser ce message, il est temps de le vivre pratiquement sur la plan\u00e8te aujourd&#8217;hui.<\/p>\n\n\n\n<p>Face aux changements du temps, Satyavrati arr\u00eate de voyager et s&#8217;installe au Martinet pour amorcer le nouveau paradigme.<\/p>\n\n\n\n<div style=\"height:30px\" aria-hidden=\"true\" class=\"wp-block-spacer\"><\/div>\n\n\n\n<div class=\"wp-block-buttons is-content-justification-center is-layout-flex wp-container-core-buttons-is-layout-16018d1d wp-block-buttons-is-layout-flex\">\n<div class=\"wp-block-button\"><a class=\"wp-block-button__link wp-element-button\" href=\"https:\/\/www.amritnam.com\/fr\/kundalini-yoga\/\">En savoir plus sur le Kundalini Yoga<\/a><\/div>\n<\/div>\n\n\n\n<div style=\"height:60px\" aria-hidden=\"true\" class=\"wp-block-spacer\"><\/div>\n\n\n\n<h6 class=\"wp-block-heading\">T\u00e9moignage de Vincent Lucas<\/h6>\n\n\n\n<p class=\"is-style-sans-serif\">&#8220;Il a \u00e9t\u00e9 une source d\u2019inspiration intarissable. De part sa joie et la puissance de son enseignement, j\u2019ai pu trouver en lui l\u2019enseignant que je suis devenu. Il m\u2019a transmis une joie cr\u00e9ative, inspir\u00e9e par l\u2019instant pr\u00e9sent et par la puissance de l\u2019implication corporelle.&nbsp;<br><br>Karta Satyavrati a form\u00e9 plus de 1000 enseignants et formateurs en Kundalini Yoga et Self Awakening. Son \u00e9cole est unique en France car elle est le fruit d\u2019un alliage entre chamanisme, psychologie fine et Kundalini Yoga dans une version plut\u00f4t Tantrique. (Il y a beaucoup de confusion autour du mot Tantra, ce qui m\u2019oblige \u00e0 pr\u00e9ciser qu\u2019il est question du Tantra Blanc. On y apprend donc \u00e0 manifester cette merveilleuse \u00e9nergie Kundalini sans passer par un acte sexuel).<\/p>\n\n\n\n<p class=\"is-style-sans-serif\">Son \u00e9cole est pour moi comme un phare accueillant les personnes \u00e0 la recherche d\u2019un foyer manifestant la nouvelle spiritualit\u00e9 contemporaine. Elle s\u2019adresse \u00e0 toutes les personnes vivant les unes pour les autres au-del\u00e0 des fronti\u00e8res, des croyances et des religions. Karta est de ces enseignants capable de nous ouvrir la porte de notre vrais potentiel en rapport avec l\u2019\u00e9nergie du Verseau. C\u2019est Yogi Bhajan qui l\u2019a nomm\u00e9 Karta Singh (le Faiseur).&#8221;<\/p>\n","protected":false},"excerpt":{"rendered":"<p>Satyavrati Yogi Satyavrati Yogi a \u00e9tudi\u00e9 avec Yogi Bhajan &#8211; la source du Kundalini Yoga &#8211; et a soutenu l&#8217;institution de Yogi Bhajan en tant que membre du conseil d&#8217;administration&#8230;<\/p>\n","protected":false},"author":1,"featured_media":0,"parent":0,"menu_order":12,"comment_status":"closed","ping_status":"closed","template":"","meta":{"_acf_changed":false,"footnotes":""},"class_list":["post-279","page","type-page","status-publish","hentry"],"acf":[],"yoast_head":"<!-- This site is optimized with the Yoast SEO plugin v27.5 - https:\/\/yoast.com\/product\/yoast-seo-wordpress\/ -->\n<title>Fondateur - ANS FR<\/title>\n<meta name=\"robots\" content=\"index, follow, max-snippet:-1, max-image-preview:large, max-video-preview:-1\" \/>\n<link rel=\"canonical\" href=\"https:\/\/www.amritnam.com\/fr\/fondateur\/\" \/>\n<meta property=\"og:locale\" content=\"fr_FR\" \/>\n<meta property=\"og:type\" content=\"article\" \/>\n<meta property=\"og:title\" content=\"Fondateur - ANS FR\" \/>\n<meta property=\"og:description\" content=\"Satyavrati Yogi Satyavrati Yogi a \u00e9tudi\u00e9 avec Yogi Bhajan &#8211; la source du Kundalini Yoga &#8211; et a soutenu l&#8217;institution de Yogi Bhajan en tant que membre du conseil d&#8217;administration...\" \/>\n<meta property=\"og:url\" content=\"https:\/\/www.amritnam.com\/fr\/fondateur\/\" \/>\n<meta property=\"og:site_name\" content=\"ANS FR\" \/>\n<meta property=\"article:modified_time\" content=\"2023-02-06T14:31:05+00:00\" \/>\n<meta property=\"og:image\" content=\"https:\/\/www.amritnam.com\/wp-content\/uploads\/2022\/03\/img-0779-1024x1024.jpg\" \/>\n<meta name=\"twitter:card\" content=\"summary_large_image\" \/>\n<meta name=\"twitter:label1\" content=\"Dur\u00e9e de lecture estim\u00e9e\" \/>\n\t<meta name=\"twitter:data1\" content=\"4 minutes\" \/>\n<script type=\"application\/ld+json\" class=\"yoast-schema-graph\">{\"@context\":\"https:\\\/\\\/schema.org\",\"@graph\":[{\"@type\":\"WebPage\",\"@id\":\"https:\\\/\\\/www.amritnam.com\\\/fr\\\/fondateur\\\/\",\"url\":\"https:\\\/\\\/www.amritnam.com\\\/fr\\\/fondateur\\\/\",\"name\":\"Fondateur - ANS FR\",\"isPartOf\":{\"@id\":\"https:\\\/\\\/www.amritnam.com\\\/fr\\\/#website\"},\"primaryImageOfPage\":{\"@id\":\"https:\\\/\\\/www.amritnam.com\\\/fr\\\/fondateur\\\/#primaryimage\"},\"image\":{\"@id\":\"https:\\\/\\\/www.amritnam.com\\\/fr\\\/fondateur\\\/#primaryimage\"},\"thumbnailUrl\":\"https:\\\/\\\/www.amritnam.com\\\/wp-content\\\/uploads\\\/2022\\\/03\\\/img-0779-1024x1024.jpg\",\"datePublished\":\"2022-03-04T16:58:50+00:00\",\"dateModified\":\"2023-02-06T14:31:05+00:00\",\"breadcrumb\":{\"@id\":\"https:\\\/\\\/www.amritnam.com\\\/fr\\\/fondateur\\\/#breadcrumb\"},\"inLanguage\":\"fr-FR\",\"potentialAction\":[{\"@type\":\"ReadAction\",\"target\":[\"https:\\\/\\\/www.amritnam.com\\\/fr\\\/fondateur\\\/\"]}]},{\"@type\":\"ImageObject\",\"inLanguage\":\"fr-FR\",\"@id\":\"https:\\\/\\\/www.amritnam.com\\\/fr\\\/fondateur\\\/#primaryimage\",\"url\":\"https:\\\/\\\/www.amritnam.com\\\/wp-content\\\/uploads\\\/2022\\\/03\\\/img-0779-1024x1024.jpg\",\"contentUrl\":\"https:\\\/\\\/www.amritnam.com\\\/wp-content\\\/uploads\\\/2022\\\/03\\\/img-0779-1024x1024.jpg\"},{\"@type\":\"BreadcrumbList\",\"@id\":\"https:\\\/\\\/www.amritnam.com\\\/fr\\\/fondateur\\\/#breadcrumb\",\"itemListElement\":[{\"@type\":\"ListItem\",\"position\":1,\"name\":\"Home\",\"item\":\"https:\\\/\\\/www.amritnam.com\\\/fr\\\/\"},{\"@type\":\"ListItem\",\"position\":2,\"name\":\"Fondateur\"}]},{\"@type\":\"WebSite\",\"@id\":\"https:\\\/\\\/www.amritnam.com\\\/fr\\\/#website\",\"url\":\"https:\\\/\\\/www.amritnam.com\\\/fr\\\/\",\"name\":\"ANS FR\",\"description\":\"Amrit Nam Sarovar \u2013 International Kundalini Yoga School\",\"potentialAction\":[{\"@type\":\"SearchAction\",\"target\":{\"@type\":\"EntryPoint\",\"urlTemplate\":\"https:\\\/\\\/www.amritnam.com\\\/fr\\\/?s={search_term_string}\"},\"query-input\":{\"@type\":\"PropertyValueSpecification\",\"valueRequired\":true,\"valueName\":\"search_term_string\"}}],\"inLanguage\":\"fr-FR\"}]}<\/script>\n<!-- \/ Yoast SEO plugin. -->","yoast_head_json":{"title":"Fondateur - ANS FR","robots":{"index":"index","follow":"follow","max-snippet":"max-snippet:-1","max-image-preview":"max-image-preview:large","max-video-preview":"max-video-preview:-1"},"canonical":"https:\/\/www.amritnam.com\/fr\/fondateur\/","og_locale":"fr_FR","og_type":"article","og_title":"Fondateur - ANS FR","og_description":"Satyavrati Yogi Satyavrati Yogi a \u00e9tudi\u00e9 avec Yogi Bhajan &#8211; la source du Kundalini Yoga &#8211; et a soutenu l&#8217;institution de Yogi Bhajan en tant que membre du conseil d&#8217;administration...","og_url":"https:\/\/www.amritnam.com\/fr\/fondateur\/","og_site_name":"ANS FR","article_modified_time":"2023-02-06T14:31:05+00:00","og_image":[{"url":"https:\/\/www.amritnam.com\/wp-content\/uploads\/2022\/03\/img-0779-1024x1024.jpg","type":"","width":"","height":""}],"twitter_card":"summary_large_image","twitter_misc":{"Dur\u00e9e de lecture estim\u00e9e":"4 minutes"},"schema":{"@context":"https:\/\/schema.org","@graph":[{"@type":"WebPage","@id":"https:\/\/www.amritnam.com\/fr\/fondateur\/","url":"https:\/\/www.amritnam.com\/fr\/fondateur\/","name":"Fondateur - ANS FR","isPartOf":{"@id":"https:\/\/www.amritnam.com\/fr\/#website"},"primaryImageOfPage":{"@id":"https:\/\/www.amritnam.com\/fr\/fondateur\/#primaryimage"},"image":{"@id":"https:\/\/www.amritnam.com\/fr\/fondateur\/#primaryimage"},"thumbnailUrl":"https:\/\/www.amritnam.com\/wp-content\/uploads\/2022\/03\/img-0779-1024x1024.jpg","datePublished":"2022-03-04T16:58:50+00:00","dateModified":"2023-02-06T14:31:05+00:00","breadcrumb":{"@id":"https:\/\/www.amritnam.com\/fr\/fondateur\/#breadcrumb"},"inLanguage":"fr-FR","potentialAction":[{"@type":"ReadAction","target":["https:\/\/www.amritnam.com\/fr\/fondateur\/"]}]},{"@type":"ImageObject","inLanguage":"fr-FR","@id":"https:\/\/www.amritnam.com\/fr\/fondateur\/#primaryimage","url":"https:\/\/www.amritnam.com\/wp-content\/uploads\/2022\/03\/img-0779-1024x1024.jpg","contentUrl":"https:\/\/www.amritnam.com\/wp-content\/uploads\/2022\/03\/img-0779-1024x1024.jpg"},{"@type":"BreadcrumbList","@id":"https:\/\/www.amritnam.com\/fr\/fondateur\/#breadcrumb","itemListElement":[{"@type":"ListItem","position":1,"name":"Home","item":"https:\/\/www.amritnam.com\/fr\/"},{"@type":"ListItem","position":2,"name":"Fondateur"}]},{"@type":"WebSite","@id":"https:\/\/www.amritnam.com\/fr\/#website","url":"https:\/\/www.amritnam.com\/fr\/","name":"ANS FR","description":"Amrit Nam Sarovar \u2013 International Kundalini Yoga School","potentialAction":[{"@type":"SearchAction","target":{"@type":"EntryPoint","urlTemplate":"https:\/\/www.amritnam.com\/fr\/?s={search_term_string}"},"query-input":{"@type":"PropertyValueSpecification","valueRequired":true,"valueName":"search_term_string"}}],"inLanguage":"fr-FR"}]}},"_links":{"self":[{"href":"https:\/\/www.amritnam.com\/fr\/wp-json\/wp\/v2\/pages\/279","targetHints":{"allow":["GET"]}}],"collection":[{"href":"https:\/\/www.amritnam.com\/fr\/wp-json\/wp\/v2\/pages"}],"about":[{"href":"https:\/\/www.amritnam.com\/fr\/wp-json\/wp\/v2\/types\/page"}],"author":[{"embeddable":true,"href":"https:\/\/www.amritnam.com\/fr\/wp-json\/wp\/v2\/users\/1"}],"replies":[{"embeddable":true,"href":"https:\/\/www.amritnam.com\/fr\/wp-json\/wp\/v2\/comments?post=279"}],"version-history":[{"count":8,"href":"https:\/\/www.amritnam.com\/fr\/wp-json\/wp\/v2\/pages\/279\/revisions"}],"predecessor-version":[{"id":4567,"href":"https:\/\/www.amritnam.com\/fr\/wp-json\/wp\/v2\/pages\/279\/revisions\/4567"}],"wp:attachment":[{"href":"https:\/\/www.amritnam.com\/fr\/wp-json\/wp\/v2\/media?parent=279"}],"curies":[{"name":"wp","href":"https:\/\/api.w.org\/{rel}","templated":true}]}}