{"id":320,"date":"2022-03-04T18:15:47","date_gmt":"2022-03-04T17:15:47","guid":{"rendered":"https:\/\/www.amritnam.com\/?page_id=320"},"modified":"2022-10-24T15:55:05","modified_gmt":"2022-10-24T13:55:05","slug":"ans-mentor-guide","status":"publish","type":"page","link":"https:\/\/www.amritnam.com\/fr\/ans-reseau-mondial\/ans-mentor-guide\/","title":{"rendered":"ANS Mentor-Guide"},"content":{"rendered":"\n<h2 class=\"is-style-script-headline wp-block-heading\">Un gardien de la tradition<\/h2>\n\n\n\n<p class=\"has-intro-font-size\">Ils sont touch\u00e9s par le but et l&#8217;\u00e9nonc\u00e9 de mission de l&#8217;\u00e9cole.<\/p>\n\n\n\n<p class=\"has-small-font-size\">Ce sont des experts de la m\u00e9thodologie.<\/p>\n\n\n\n<p class=\"has-small-font-size\">Ils incarnent naturellement la r\u00e9f\u00e9rence, l&#8217;autorit\u00e9 et la continuit\u00e9 de l&#8217;\u00e9cole.<\/p>\n\n\n\n<p class=\"has-small-font-size\">Ils sont les gardiens de la tradition.<\/p>\n\n\n\n<p class=\"has-small-font-size\">Ils sont les perp\u00e9tuateurs du corps de l&#8217;enseignement.&nbsp;<\/p>\n\n\n\n<p class=\"has-intro-font-size\">Ils gardent les enseignements pr\u00e9cis \u00e0 travers le temps.<\/p>\n\n\n\n<p class=\"has-small-font-size\">Ensemble, ils constituent le Conseil de l&#8217;\u00e9cole ANS.<\/p>\n\n\n\n<figure class=\"wp-block-image size-large is-style-clipped\"><img decoding=\"async\" src=\"https:\/\/www.amritnam.com\/wp-content\/uploads\/2022\/03\/img-0334-1024x640.jpg\" alt=\"\" class=\"wp-image-559\"\/><\/figure>\n\n\n\n<div style=\"height:40px\" aria-hidden=\"true\" class=\"wp-block-spacer\"><\/div>\n\n\n\n<div class=\"wp-block-group alignwide has-lavender-20-background-color has-background is-layout-flow wp-block-group-is-layout-flow\" id=\"map\">\n<div style=\"height:20px\" aria-hidden=\"true\" class=\"wp-block-spacer\"><\/div>\n\n\n\n<h4 class=\"has-text-align-center has-blue-color has-text-color wp-block-heading\">ANS Mentor-Guide<\/h4>\n\n\n\n<div style=\"height:20px\" aria-hidden=\"true\" class=\"wp-block-spacer\"><\/div>\n\n\n<div class=\"no-cookie-box\"><div data-borlabs-cookie-btn-switch-consent class=\"brlbs-cmpnt-container\"\n        data-borlabs-cookie-title=\"Show map\"\n        data-borlabs-cookie-service-id=\"open-street-map\"><\/div><\/div>\n\n\n<div style=\"height:40px\" aria-hidden=\"true\" class=\"wp-block-spacer\"><\/div>\n\n\n\n<div class=\"wp-block-buttons is-content-justification-center is-layout-flex wp-container-core-buttons-is-layout-16018d1d wp-block-buttons-is-layout-flex\">\n<div class=\"wp-block-button\"><a class=\"wp-block-button__link\">Voir tout<\/a><\/div>\n\n\n\n<div class=\"wp-block-button\"><a class=\"wp-block-button__link\">Voir professeur<\/a><\/div>\n\n\n\n<div class=\"wp-block-button\"><a class=\"wp-block-button__link\">Voir formateur<\/a><\/div>\n\n\n\n<div class=\"wp-block-button\"><a class=\"wp-block-button__link\">Voir formateur-mentor<\/a><\/div>\n<\/div>\n<\/div>\n\n\n\n<div style=\"height:100px\" aria-hidden=\"true\" class=\"wp-block-spacer\"><\/div>\n\n\n<h4 class=\"has-textcolor has-blue-color\">Satyavrati Yogi <\/h4><p><strong>ANS Mentor-Guide<\/strong><br \/>38650, Saint Michel les Portes, France<br \/><a href=\"mailto:&#105;&#110;f&#111;&#64;&#97;mr&#105;&#116;&#110;a&#109;&#46;&#99;&#111;m\">&#105;&#110;fo&#64;a&#109;r&#105;&#116;nam.&#99;om<\/a><br \/><a href=\"https:\/\/www.amritnam.com\" target=\"_blank\">www.amritnam.com<\/a><\/p>","protected":false},"excerpt":{"rendered":"<p>Un gardien de la tradition Ils sont touch\u00e9s par le but et l&#8217;\u00e9nonc\u00e9 de mission de l&#8217;\u00e9cole. Ce sont des experts de la m\u00e9thodologie. Ils incarnent naturellement la r\u00e9f\u00e9rence, l&#8217;autorit\u00e9&#8230;<\/p>\n","protected":false},"author":1,"featured_media":0,"parent":269,"menu_order":240,"comment_status":"closed","ping_status":"closed","template":"","meta":{"_acf_changed":false,"footnotes":""},"class_list":["post-320","page","type-page","status-publish","hentry"],"acf":[],"yoast_head":"<!-- This site is optimized with the Yoast SEO plugin v27.4 - https:\/\/yoast.com\/product\/yoast-seo-wordpress\/ -->\n<title>ANS Mentor-Guide - ANS FR<\/title>\n<meta name=\"robots\" content=\"index, follow, max-snippet:-1, max-image-preview:large, max-video-preview:-1\" \/>\n<link rel=\"canonical\" href=\"https:\/\/www.amritnam.com\/fr\/ans-reseau-mondial\/ans-mentor-guide\/\" \/>\n<meta property=\"og:locale\" content=\"fr_FR\" \/>\n<meta property=\"og:type\" content=\"article\" \/>\n<meta property=\"og:title\" content=\"ANS Mentor-Guide - ANS FR\" \/>\n<meta property=\"og:description\" content=\"Un gardien de la tradition Ils sont touch\u00e9s par le but et l&#8217;\u00e9nonc\u00e9 de mission de l&#8217;\u00e9cole. Ce sont des experts de la m\u00e9thodologie. Ils incarnent naturellement la r\u00e9f\u00e9rence, l&#8217;autorit\u00e9...\" \/>\n<meta property=\"og:url\" content=\"https:\/\/www.amritnam.com\/fr\/ans-reseau-mondial\/ans-mentor-guide\/\" \/>\n<meta property=\"og:site_name\" content=\"ANS FR\" \/>\n<meta property=\"article:modified_time\" content=\"2022-10-24T13:55:05+00:00\" \/>\n<meta property=\"og:image\" content=\"https:\/\/www.amritnam.com\/wp-content\/uploads\/2022\/03\/img-0334-1024x640.jpg\" \/>\n<meta name=\"twitter:card\" content=\"summary_large_image\" \/>\n<meta name=\"twitter:label1\" content=\"Dur\u00e9e de lecture estim\u00e9e\" \/>\n\t<meta name=\"twitter:data1\" content=\"1 minute\" \/>\n<script type=\"application\/ld+json\" class=\"yoast-schema-graph\">{\"@context\":\"https:\\\/\\\/schema.org\",\"@graph\":[{\"@type\":\"WebPage\",\"@id\":\"https:\\\/\\\/www.amritnam.com\\\/fr\\\/ans-reseau-mondial\\\/ans-mentor-guide\\\/\",\"url\":\"https:\\\/\\\/www.amritnam.com\\\/fr\\\/ans-reseau-mondial\\\/ans-mentor-guide\\\/\",\"name\":\"ANS Mentor-Guide - ANS FR\",\"isPartOf\":{\"@id\":\"https:\\\/\\\/www.amritnam.com\\\/fr\\\/#website\"},\"primaryImageOfPage\":{\"@id\":\"https:\\\/\\\/www.amritnam.com\\\/fr\\\/ans-reseau-mondial\\\/ans-mentor-guide\\\/#primaryimage\"},\"image\":{\"@id\":\"https:\\\/\\\/www.amritnam.com\\\/fr\\\/ans-reseau-mondial\\\/ans-mentor-guide\\\/#primaryimage\"},\"thumbnailUrl\":\"https:\\\/\\\/www.amritnam.com\\\/wp-content\\\/uploads\\\/2022\\\/03\\\/img-0334-1024x640.jpg\",\"datePublished\":\"2022-03-04T17:15:47+00:00\",\"dateModified\":\"2022-10-24T13:55:05+00:00\",\"breadcrumb\":{\"@id\":\"https:\\\/\\\/www.amritnam.com\\\/fr\\\/ans-reseau-mondial\\\/ans-mentor-guide\\\/#breadcrumb\"},\"inLanguage\":\"fr-FR\",\"potentialAction\":[{\"@type\":\"ReadAction\",\"target\":[\"https:\\\/\\\/www.amritnam.com\\\/fr\\\/ans-reseau-mondial\\\/ans-mentor-guide\\\/\"]}]},{\"@type\":\"ImageObject\",\"inLanguage\":\"fr-FR\",\"@id\":\"https:\\\/\\\/www.amritnam.com\\\/fr\\\/ans-reseau-mondial\\\/ans-mentor-guide\\\/#primaryimage\",\"url\":\"https:\\\/\\\/www.amritnam.com\\\/wp-content\\\/uploads\\\/2022\\\/03\\\/img-0334-1024x640.jpg\",\"contentUrl\":\"https:\\\/\\\/www.amritnam.com\\\/wp-content\\\/uploads\\\/2022\\\/03\\\/img-0334-1024x640.jpg\"},{\"@type\":\"BreadcrumbList\",\"@id\":\"https:\\\/\\\/www.amritnam.com\\\/fr\\\/ans-reseau-mondial\\\/ans-mentor-guide\\\/#breadcrumb\",\"itemListElement\":[{\"@type\":\"ListItem\",\"position\":1,\"name\":\"Home\",\"item\":\"https:\\\/\\\/www.amritnam.com\\\/fr\\\/\"},{\"@type\":\"ListItem\",\"position\":2,\"name\":\"\u00a0R\u00e8seau Mondial ANS\",\"item\":\"https:\\\/\\\/www.amritnam.com\\\/fr\\\/ans-reseau-mondial\\\/\"},{\"@type\":\"ListItem\",\"position\":3,\"name\":\"ANS Mentor-Guide\"}]},{\"@type\":\"WebSite\",\"@id\":\"https:\\\/\\\/www.amritnam.com\\\/fr\\\/#website\",\"url\":\"https:\\\/\\\/www.amritnam.com\\\/fr\\\/\",\"name\":\"ANS FR\",\"description\":\"Amrit Nam Sarovar \u2013 International Kundalini Yoga School\",\"potentialAction\":[{\"@type\":\"SearchAction\",\"target\":{\"@type\":\"EntryPoint\",\"urlTemplate\":\"https:\\\/\\\/www.amritnam.com\\\/fr\\\/?s={search_term_string}\"},\"query-input\":{\"@type\":\"PropertyValueSpecification\",\"valueRequired\":true,\"valueName\":\"search_term_string\"}}],\"inLanguage\":\"fr-FR\"}]}<\/script>\n<!-- \/ Yoast SEO plugin. -->","yoast_head_json":{"title":"ANS Mentor-Guide - ANS FR","robots":{"index":"index","follow":"follow","max-snippet":"max-snippet:-1","max-image-preview":"max-image-preview:large","max-video-preview":"max-video-preview:-1"},"canonical":"https:\/\/www.amritnam.com\/fr\/ans-reseau-mondial\/ans-mentor-guide\/","og_locale":"fr_FR","og_type":"article","og_title":"ANS Mentor-Guide - ANS FR","og_description":"Un gardien de la tradition Ils sont touch\u00e9s par le but et l&#8217;\u00e9nonc\u00e9 de mission de l&#8217;\u00e9cole. Ce sont des experts de la m\u00e9thodologie. Ils incarnent naturellement la r\u00e9f\u00e9rence, l&#8217;autorit\u00e9...","og_url":"https:\/\/www.amritnam.com\/fr\/ans-reseau-mondial\/ans-mentor-guide\/","og_site_name":"ANS FR","article_modified_time":"2022-10-24T13:55:05+00:00","og_image":[{"url":"https:\/\/www.amritnam.com\/wp-content\/uploads\/2022\/03\/img-0334-1024x640.jpg","type":"","width":"","height":""}],"twitter_card":"summary_large_image","twitter_misc":{"Dur\u00e9e de lecture estim\u00e9e":"1 minute"},"schema":{"@context":"https:\/\/schema.org","@graph":[{"@type":"WebPage","@id":"https:\/\/www.amritnam.com\/fr\/ans-reseau-mondial\/ans-mentor-guide\/","url":"https:\/\/www.amritnam.com\/fr\/ans-reseau-mondial\/ans-mentor-guide\/","name":"ANS Mentor-Guide - ANS FR","isPartOf":{"@id":"https:\/\/www.amritnam.com\/fr\/#website"},"primaryImageOfPage":{"@id":"https:\/\/www.amritnam.com\/fr\/ans-reseau-mondial\/ans-mentor-guide\/#primaryimage"},"image":{"@id":"https:\/\/www.amritnam.com\/fr\/ans-reseau-mondial\/ans-mentor-guide\/#primaryimage"},"thumbnailUrl":"https:\/\/www.amritnam.com\/wp-content\/uploads\/2022\/03\/img-0334-1024x640.jpg","datePublished":"2022-03-04T17:15:47+00:00","dateModified":"2022-10-24T13:55:05+00:00","breadcrumb":{"@id":"https:\/\/www.amritnam.com\/fr\/ans-reseau-mondial\/ans-mentor-guide\/#breadcrumb"},"inLanguage":"fr-FR","potentialAction":[{"@type":"ReadAction","target":["https:\/\/www.amritnam.com\/fr\/ans-reseau-mondial\/ans-mentor-guide\/"]}]},{"@type":"ImageObject","inLanguage":"fr-FR","@id":"https:\/\/www.amritnam.com\/fr\/ans-reseau-mondial\/ans-mentor-guide\/#primaryimage","url":"https:\/\/www.amritnam.com\/wp-content\/uploads\/2022\/03\/img-0334-1024x640.jpg","contentUrl":"https:\/\/www.amritnam.com\/wp-content\/uploads\/2022\/03\/img-0334-1024x640.jpg"},{"@type":"BreadcrumbList","@id":"https:\/\/www.amritnam.com\/fr\/ans-reseau-mondial\/ans-mentor-guide\/#breadcrumb","itemListElement":[{"@type":"ListItem","position":1,"name":"Home","item":"https:\/\/www.amritnam.com\/fr\/"},{"@type":"ListItem","position":2,"name":"\u00a0R\u00e8seau Mondial ANS","item":"https:\/\/www.amritnam.com\/fr\/ans-reseau-mondial\/"},{"@type":"ListItem","position":3,"name":"ANS Mentor-Guide"}]},{"@type":"WebSite","@id":"https:\/\/www.amritnam.com\/fr\/#website","url":"https:\/\/www.amritnam.com\/fr\/","name":"ANS FR","description":"Amrit Nam Sarovar \u2013 International Kundalini Yoga School","potentialAction":[{"@type":"SearchAction","target":{"@type":"EntryPoint","urlTemplate":"https:\/\/www.amritnam.com\/fr\/?s={search_term_string}"},"query-input":{"@type":"PropertyValueSpecification","valueRequired":true,"valueName":"search_term_string"}}],"inLanguage":"fr-FR"}]}},"_links":{"self":[{"href":"https:\/\/www.amritnam.com\/fr\/wp-json\/wp\/v2\/pages\/320","targetHints":{"allow":["GET"]}}],"collection":[{"href":"https:\/\/www.amritnam.com\/fr\/wp-json\/wp\/v2\/pages"}],"about":[{"href":"https:\/\/www.amritnam.com\/fr\/wp-json\/wp\/v2\/types\/page"}],"author":[{"embeddable":true,"href":"https:\/\/www.amritnam.com\/fr\/wp-json\/wp\/v2\/users\/1"}],"replies":[{"embeddable":true,"href":"https:\/\/www.amritnam.com\/fr\/wp-json\/wp\/v2\/comments?post=320"}],"version-history":[{"count":4,"href":"https:\/\/www.amritnam.com\/fr\/wp-json\/wp\/v2\/pages\/320\/revisions"}],"predecessor-version":[{"id":4035,"href":"https:\/\/www.amritnam.com\/fr\/wp-json\/wp\/v2\/pages\/320\/revisions\/4035"}],"up":[{"embeddable":true,"href":"https:\/\/www.amritnam.com\/fr\/wp-json\/wp\/v2\/pages\/269"}],"wp:attachment":[{"href":"https:\/\/www.amritnam.com\/fr\/wp-json\/wp\/v2\/media?parent=320"}],"curies":[{"name":"wp","href":"https:\/\/api.w.org\/{rel}","templated":true}]}}