{"id":5811,"date":"2025-03-20T17:34:21","date_gmt":"2025-03-20T16:34:21","guid":{"rendered":"https:\/\/www.amritnam.com\/fr\/?page_id=5811"},"modified":"2025-04-26T09:55:36","modified_gmt":"2025-04-26T07:55:36","slug":"temples-du-matin","status":"publish","type":"page","link":"https:\/\/www.amritnam.com\/fr\/temples-du-matin\/","title":{"rendered":"Temples du Matin"},"content":{"rendered":"\n<h2 class=\"wp-block-heading has-text-align-center is-style-script-headline\">Temples du Matin<\/h2>\n\n\n\n<figure class=\"wp-block-image size-large\"><img loading=\"lazy\" decoding=\"async\" width=\"1024\" height=\"194\" src=\"https:\/\/www.amritnam.com\/fr\/wp-content\/uploads\/sites\/2\/2025\/04\/img-9309-1024x194.jpeg\" alt=\"\" class=\"wp-image-5886\" srcset=\"https:\/\/www.amritnam.com\/fr\/wp-content\/uploads\/sites\/2\/2025\/04\/img-9309-1024x194.jpeg 1024w, https:\/\/www.amritnam.com\/fr\/wp-content\/uploads\/sites\/2\/2025\/04\/img-9309-360x68.jpeg 360w, https:\/\/www.amritnam.com\/fr\/wp-content\/uploads\/sites\/2\/2025\/04\/img-9309-768x146.jpeg 768w, https:\/\/www.amritnam.com\/fr\/wp-content\/uploads\/sites\/2\/2025\/04\/img-9309-1536x291.jpeg 1536w, https:\/\/www.amritnam.com\/fr\/wp-content\/uploads\/sites\/2\/2025\/04\/img-9309-2048x389.jpeg 2048w, https:\/\/www.amritnam.com\/fr\/wp-content\/uploads\/sites\/2\/2025\/04\/img-9309-600x114.jpeg 600w\" sizes=\"auto, (max-width: 1024px) 100vw, 1024px\" \/><\/figure>\n\n\n\n<hr class=\"wp-block-separator has-alpha-channel-opacity\" id=\"gurdwara\"\/>\n\n\n\n<h2 class=\"wp-block-heading has-text-align-center is-style-script-headline\">Le Gurdwara de la 10e Porte<\/h2>\n\n\n\n<h4 class=\"wp-block-heading has-text-align-center\">Bienvenue au Dasamdwar Gurdwara<\/h4>\n\n\n\n<h4 class=\"wp-block-heading has-text-align-center\">avec Satyavrati Karta Singh<\/h4>\n\n\n\n<h6 class=\"wp-block-heading has-text-align-center\">Tous les matins 4.00-4.30 | Gurdwara<\/h6>\n\n\n\n<div class=\"wp-block-columns are-vertically-aligned-center is-layout-flex wp-container-core-columns-is-layout-9d6595d7 wp-block-columns-is-layout-flex\">\n<div class=\"wp-block-column is-vertically-aligned-center is-layout-flow wp-block-column-is-layout-flow\" style=\"flex-basis:33.33%\">\n<figure class=\"wp-block-image aligncenter size-medium\"><img decoding=\"async\" src=\"https:\/\/www.amritnam.com\/wp-content\/uploads\/2025\/03\/img-9324-270x360.jpeg\" alt=\"\" class=\"wp-image-7143\"\/><\/figure>\n<\/div>\n\n\n\n<div class=\"wp-block-column is-vertically-aligned-center is-layout-flow wp-block-column-is-layout-flow\" style=\"flex-basis:66.66%\">\n<p>Gurdwara signifie la porte du Guru&nbsp;; l&#8217;une des nombreuses portes du Martinet, ouverte \u00e0 tous. La grotte, le sanctuaire, est la partie f\u00e9minine du Gurdwara, repr\u00e9sentant le Yoni. Le Nishan, le long et haut poteau c\u00e9leste s&#8217;\u00e9levant du toit du sanctuaire, en est la partie masculine, tel un Shiva Linga. Ensemble, ils forment l&#8217;union sacr\u00e9e, la r\u00e9alisation de l&#8217;Un.<\/p>\n\n\n\n<p>Chaque matin \u00e0 4&nbsp;h, avant l&#8217;aube, nous nous rassemblons aux pieds pareils-au-lotus du Guru. Gr\u00e2ce au Shabad Guru, en chantant le Raga sur ses paroles, nous \u00e9levons notre fr\u00e9quence dans le champ de l&#8217;Unit\u00e9. Ce champ d\u00e9passe les orthodoxies. Chacun est le bienvenu, quelles que soient sa religion, son origine, son statut social ou toute autre distinction.<\/p>\n\n\n\n<p>Ensuite, nous offrons une pri\u00e8re ouverte et demandons conseil. Le Siri Guru Grand Sahib est le livre b\u00e9ni qui nous permet d&#8217;acc\u00e9der \u00e0 une guidance claire pour notre \u00e9poque. Chacun peut demander un conseil personnalis\u00e9, ou, au hasard, recevoir une guidance pour la journ\u00e9e. On appelle cela un Hokum, qui signifie \u00ab&nbsp;un ordre&nbsp;\u00bb. Lorsqu&#8217;on demande et qu&#8217;on re\u00e7oit une r\u00e9ponse, il faut y donner suite&nbsp;!<\/p>\n\n\n\n<p>Ce lieu unit le Sat Sanghat, uni dans le service rendu \u00e0 tous. Selon Guru Nanak, Japji Pauri 28, la religion supr\u00eame consiste \u00e0 s&#8217;\u00e9lever \u00e0 la fraternit\u00e9 universelle, ou mieux encore, \u00e0 consid\u00e9rer chaque \u00eatre vivant comme \u00e9gal.<\/p>\n\n\n\n<h4 class=\"wp-block-heading\">Protocole<\/h4>\n\n\n\n<ul class=\"wp-block-list\">\n<li>Pour entrer au Gurdwara, il faut porter un couvre-chef, comme un chapeau, une \u00e9charpe ou une capuche. Retirez vos chaussures avant d&#8217;entrer.<\/li>\n\n\n\n<li>Veuillez vous laver les mains et les pieds \u00e0 l&#8217;eau claire avant d&#8217;entrer.<\/li>\n\n\n\n<li>En entrant, inclinez-vous \u00e0 genoux et ramenez le front au sol devant le Guru.<\/li>\n\n\n\n<li>Asseyez-vous l\u00e0 o\u00f9 il y a une place.<\/li>\n\n\n\n<li>Au moment de l&#8217;Ardas (la pri\u00e8re), tout le monde se l\u00e8ve.<\/li>\n\n\n\n<li>N&#8217;apportez pas de peaux de mouton, de couvertures ou de coussins dans le Gurdwara.<\/li>\n\n\n\n<li>Ne vous asseyez jamais les jambes tendues, les pieds tourn\u00e9s vers le Guru.<\/li>\n\n\n\n<li>Lorsque le Prashad est servi, tenez vos mains comme une coupe devant votre c\u0153ur pour le recevoir.<\/li>\n<\/ul>\n<\/div>\n<\/div>\n\n\n\n<hr class=\"wp-block-separator has-alpha-channel-opacity\" id=\"templesilence\"\/>\n\n\n\n<figure class=\"wp-block-gallery has-nested-images columns-default is-cropped wp-block-gallery-1 is-layout-flex wp-block-gallery-is-layout-flex\">\n<figure class=\"wp-block-image size-large\"><img decoding=\"async\" data-id=\"7136\" src=\"https:\/\/www.amritnam.com\/wp-content\/uploads\/2025\/03\/unnamed-2.jpg\" alt=\"\" class=\"wp-image-7136\"\/><\/figure>\n\n\n\n<figure class=\"wp-block-image size-large\"><img decoding=\"async\" data-id=\"7134\" src=\"https:\/\/www.amritnam.com\/wp-content\/uploads\/2025\/03\/unnamed.jpg\" alt=\"\" class=\"wp-image-7134\"\/><\/figure>\n\n\n\n<figure class=\"wp-block-image size-large\"><img decoding=\"async\" data-id=\"7135\" src=\"https:\/\/www.amritnam.com\/wp-content\/uploads\/2025\/03\/unnamed-1.jpg\" alt=\"\" class=\"wp-image-7135\"\/><\/figure>\n<\/figure>\n\n\n\n<div style=\"height:35px\" aria-hidden=\"true\" class=\"wp-block-spacer\"><\/div>\n\n\n\n<h2 class=\"wp-block-heading has-text-align-center is-style-script-headline\">Temple du Silence<\/h2>\n\n\n\n<h4 class=\"wp-block-heading has-text-align-center\">avec Navkiran No\u00e9mi Ulrich<\/h4>\n\n\n\n<h6 class=\"wp-block-heading has-text-align-center\">Mardi | Jeudi | Samedi 7.00-7.45 | Nursery Dome<\/h6>\n\n\n\n<div class=\"wp-block-columns are-vertically-aligned-center is-layout-flex wp-container-core-columns-is-layout-9d6595d7 wp-block-columns-is-layout-flex\">\n<div class=\"wp-block-column is-vertically-aligned-center is-layout-flow wp-block-column-is-layout-flow\" style=\"flex-basis:33.33%\">\n<figure class=\"wp-block-image aligncenter size-medium\"><img decoding=\"async\" src=\"https:\/\/www.amritnam.com\/wp-content\/uploads\/2025\/03\/2022-05-12-dsc-7620-ms-web-1-270x360.jpeg\" alt=\"\" class=\"wp-image-7128\"\/><\/figure>\n<\/div>\n\n\n\n<div class=\"wp-block-column is-vertically-aligned-center is-layout-flow wp-block-column-is-layout-flow\" style=\"flex-basis:66.66%\">\n<p>Vous \u00eates invit\u00e9(e) \u00e0 venir vous asseoir dans cet espace d\u00e8s que vous ressentez le besoin de vous recueillir, de r\u00e9fl\u00e9chir, d&#8217;\u00e9crire, de prier, de m\u00e9diter ou de vous d\u00e9tendre en pleine conscience.<\/p>\n\n\n\n<p>Apportez simplement votre \u00eatre, vos mouvements int\u00e9rieurs, vos \u00e9motions, et offrez-les \u00e0 l&#8217;autel. Inclinez-vous et abandonnez-vous.<\/p>\n\n\n\n<p>Des cercles seront r\u00e9guli\u00e8rement propos\u00e9s dans ce lieu pendant le festival pour vous accompagner dans votre processus personnel.<\/p>\n\n\n\n<p>Exprimez votre v\u00e9rit\u00e9, ouvrez-vous \u00e0 votre sensibilit\u00e9 et laissez-la \u00eatre. Un espace pour prendre conscience de votre exp\u00e9rience.<\/p>\n\n\n\n<p>Navkiran No\u00e9mi Ulrich<br>Professeure de kundalini yoga et doula, Navkiran consacre sa vie \u00e0 cr\u00e9er des espaces intimes et sacr\u00e9s pour permettre aux personnes et aux m\u00e8res de se donner naissance. En 2017, elle a cofond\u00e9 le centre de yoga Adi Shakti \u00e0 Vevey, en Suisse. Outre des cours et ateliers hebdomadaires, elle propose la formation de professeur ANS Awakening niveau 1.<\/p>\n<\/div>\n<\/div>\n\n\n\n<hr class=\"wp-block-separator has-alpha-channel-opacity\"\/>\n\n\n\n<h2 class=\"wp-block-heading has-text-align-center is-style-script-headline\">Temple de l&#8217;extase<\/h2>\n\n\n\n<h4 class=\"wp-block-heading has-text-align-center\">Espace de danse avec Thomas Anand Singh, Phebus Astoul et d&#8217;autres<\/h4>\n\n\n\n<h6 class=\"wp-block-heading has-text-align-center\">Lundi | Mercredi | Vendredi | Dimanche 7.00-7.45 | Havan<\/h6>\n\n\n\n<div class=\"wp-block-columns are-vertically-aligned-center is-layout-flex wp-container-core-columns-is-layout-9d6595d7 wp-block-columns-is-layout-flex\">\n<div class=\"wp-block-column is-vertically-aligned-center is-layout-flow wp-block-column-is-layout-flow\" style=\"flex-basis:33.33%\">\n<figure class=\"wp-block-image aligncenter size-medium\"><img decoding=\"async\" src=\"https:\/\/www.amritnam.com\/wp-content\/uploads\/2025\/03\/bildschirmfoto-2025-03-14-um-144048-270x360.jpeg\" alt=\"\" class=\"wp-image-7142\"\/><\/figure>\n<\/div>\n\n\n\n<div class=\"wp-block-column is-vertically-aligned-center is-layout-flow wp-block-column-is-layout-flow\" style=\"flex-basis:66.66%\">\n<p>\u00e0 venir<\/p>\n<\/div>\n<\/div>\n\n\n\n<hr class=\"wp-block-separator has-alpha-channel-opacity\"\/>\n","protected":false},"excerpt":{"rendered":"<p>Temples du Matin Le Gurdwara de la 10e Porte Bienvenue au Dasamdwar Gurdwara avec Satyavrati Karta Singh Tous les matins 4.00-4.30 | Gurdwara Gurdwara signifie la porte du Guru&nbsp;; l&#8217;une&#8230;<\/p>\n","protected":false},"author":2,"featured_media":0,"parent":0,"menu_order":0,"comment_status":"closed","ping_status":"closed","template":"","meta":{"_acf_changed":false,"footnotes":""},"class_list":["post-5811","page","type-page","status-publish","hentry"],"acf":[],"yoast_head":"<!-- This site is optimized with the Yoast SEO plugin v27.5 - https:\/\/yoast.com\/product\/yoast-seo-wordpress\/ -->\n<title>Temples du Matin - ANS FR<\/title>\n<meta name=\"robots\" content=\"index, follow, max-snippet:-1, max-image-preview:large, max-video-preview:-1\" \/>\n<link rel=\"canonical\" href=\"https:\/\/www.amritnam.com\/fr\/temples-du-matin\/\" \/>\n<meta property=\"og:locale\" content=\"fr_FR\" \/>\n<meta property=\"og:type\" content=\"article\" \/>\n<meta property=\"og:title\" content=\"Temples du Matin - ANS FR\" \/>\n<meta property=\"og:description\" content=\"Temples du Matin Le Gurdwara de la 10e Porte Bienvenue au Dasamdwar Gurdwara avec Satyavrati Karta Singh Tous les matins 4.00-4.30 | Gurdwara Gurdwara signifie la porte du Guru&nbsp;; l&#8217;une...\" \/>\n<meta property=\"og:url\" content=\"https:\/\/www.amritnam.com\/fr\/temples-du-matin\/\" \/>\n<meta property=\"og:site_name\" content=\"ANS FR\" \/>\n<meta property=\"article:modified_time\" content=\"2025-04-26T07:55:36+00:00\" \/>\n<meta property=\"og:image\" content=\"https:\/\/www.amritnam.com\/fr\/wp-content\/uploads\/sites\/2\/2025\/04\/img-9309-scaled.jpeg\" \/>\n\t<meta property=\"og:image:width\" content=\"2560\" \/>\n\t<meta property=\"og:image:height\" content=\"486\" \/>\n\t<meta property=\"og:image:type\" content=\"image\/jpeg\" \/>\n<meta name=\"twitter:card\" content=\"summary_large_image\" \/>\n<meta name=\"twitter:label1\" content=\"Dur\u00e9e de lecture estim\u00e9e\" \/>\n\t<meta name=\"twitter:data1\" content=\"5 minutes\" \/>\n<script type=\"application\/ld+json\" class=\"yoast-schema-graph\">{\"@context\":\"https:\\\/\\\/schema.org\",\"@graph\":[{\"@type\":\"WebPage\",\"@id\":\"https:\\\/\\\/www.amritnam.com\\\/fr\\\/temples-du-matin\\\/\",\"url\":\"https:\\\/\\\/www.amritnam.com\\\/fr\\\/temples-du-matin\\\/\",\"name\":\"Temples du Matin - ANS FR\",\"isPartOf\":{\"@id\":\"https:\\\/\\\/www.amritnam.com\\\/fr\\\/#website\"},\"primaryImageOfPage\":{\"@id\":\"https:\\\/\\\/www.amritnam.com\\\/fr\\\/temples-du-matin\\\/#primaryimage\"},\"image\":{\"@id\":\"https:\\\/\\\/www.amritnam.com\\\/fr\\\/temples-du-matin\\\/#primaryimage\"},\"thumbnailUrl\":\"https:\\\/\\\/www.amritnam.com\\\/fr\\\/wp-content\\\/uploads\\\/sites\\\/2\\\/2025\\\/04\\\/img-9309-1024x194.jpeg\",\"datePublished\":\"2025-03-20T16:34:21+00:00\",\"dateModified\":\"2025-04-26T07:55:36+00:00\",\"breadcrumb\":{\"@id\":\"https:\\\/\\\/www.amritnam.com\\\/fr\\\/temples-du-matin\\\/#breadcrumb\"},\"inLanguage\":\"fr-FR\",\"potentialAction\":[{\"@type\":\"ReadAction\",\"target\":[\"https:\\\/\\\/www.amritnam.com\\\/fr\\\/temples-du-matin\\\/\"]}]},{\"@type\":\"ImageObject\",\"inLanguage\":\"fr-FR\",\"@id\":\"https:\\\/\\\/www.amritnam.com\\\/fr\\\/temples-du-matin\\\/#primaryimage\",\"url\":\"https:\\\/\\\/www.amritnam.com\\\/fr\\\/wp-content\\\/uploads\\\/sites\\\/2\\\/2025\\\/04\\\/img-9309-scaled.jpeg\",\"contentUrl\":\"https:\\\/\\\/www.amritnam.com\\\/fr\\\/wp-content\\\/uploads\\\/sites\\\/2\\\/2025\\\/04\\\/img-9309-scaled.jpeg\",\"width\":2560,\"height\":486},{\"@type\":\"BreadcrumbList\",\"@id\":\"https:\\\/\\\/www.amritnam.com\\\/fr\\\/temples-du-matin\\\/#breadcrumb\",\"itemListElement\":[{\"@type\":\"ListItem\",\"position\":1,\"name\":\"Home\",\"item\":\"https:\\\/\\\/www.amritnam.com\\\/fr\\\/\"},{\"@type\":\"ListItem\",\"position\":2,\"name\":\"Temples du Matin\"}]},{\"@type\":\"WebSite\",\"@id\":\"https:\\\/\\\/www.amritnam.com\\\/fr\\\/#website\",\"url\":\"https:\\\/\\\/www.amritnam.com\\\/fr\\\/\",\"name\":\"ANS FR\",\"description\":\"Amrit Nam Sarovar \u2013 International Kundalini Yoga School\",\"potentialAction\":[{\"@type\":\"SearchAction\",\"target\":{\"@type\":\"EntryPoint\",\"urlTemplate\":\"https:\\\/\\\/www.amritnam.com\\\/fr\\\/?s={search_term_string}\"},\"query-input\":{\"@type\":\"PropertyValueSpecification\",\"valueRequired\":true,\"valueName\":\"search_term_string\"}}],\"inLanguage\":\"fr-FR\"}]}<\/script>\n<!-- \/ Yoast SEO plugin. -->","yoast_head_json":{"title":"Temples du Matin - ANS FR","robots":{"index":"index","follow":"follow","max-snippet":"max-snippet:-1","max-image-preview":"max-image-preview:large","max-video-preview":"max-video-preview:-1"},"canonical":"https:\/\/www.amritnam.com\/fr\/temples-du-matin\/","og_locale":"fr_FR","og_type":"article","og_title":"Temples du Matin - ANS FR","og_description":"Temples du Matin Le Gurdwara de la 10e Porte Bienvenue au Dasamdwar Gurdwara avec Satyavrati Karta Singh Tous les matins 4.00-4.30 | Gurdwara Gurdwara signifie la porte du Guru&nbsp;; l&#8217;une...","og_url":"https:\/\/www.amritnam.com\/fr\/temples-du-matin\/","og_site_name":"ANS FR","article_modified_time":"2025-04-26T07:55:36+00:00","og_image":[{"width":2560,"height":486,"url":"https:\/\/www.amritnam.com\/fr\/wp-content\/uploads\/sites\/2\/2025\/04\/img-9309-scaled.jpeg","type":"image\/jpeg"}],"twitter_card":"summary_large_image","twitter_misc":{"Dur\u00e9e de lecture estim\u00e9e":"5 minutes"},"schema":{"@context":"https:\/\/schema.org","@graph":[{"@type":"WebPage","@id":"https:\/\/www.amritnam.com\/fr\/temples-du-matin\/","url":"https:\/\/www.amritnam.com\/fr\/temples-du-matin\/","name":"Temples du Matin - ANS FR","isPartOf":{"@id":"https:\/\/www.amritnam.com\/fr\/#website"},"primaryImageOfPage":{"@id":"https:\/\/www.amritnam.com\/fr\/temples-du-matin\/#primaryimage"},"image":{"@id":"https:\/\/www.amritnam.com\/fr\/temples-du-matin\/#primaryimage"},"thumbnailUrl":"https:\/\/www.amritnam.com\/fr\/wp-content\/uploads\/sites\/2\/2025\/04\/img-9309-1024x194.jpeg","datePublished":"2025-03-20T16:34:21+00:00","dateModified":"2025-04-26T07:55:36+00:00","breadcrumb":{"@id":"https:\/\/www.amritnam.com\/fr\/temples-du-matin\/#breadcrumb"},"inLanguage":"fr-FR","potentialAction":[{"@type":"ReadAction","target":["https:\/\/www.amritnam.com\/fr\/temples-du-matin\/"]}]},{"@type":"ImageObject","inLanguage":"fr-FR","@id":"https:\/\/www.amritnam.com\/fr\/temples-du-matin\/#primaryimage","url":"https:\/\/www.amritnam.com\/fr\/wp-content\/uploads\/sites\/2\/2025\/04\/img-9309-scaled.jpeg","contentUrl":"https:\/\/www.amritnam.com\/fr\/wp-content\/uploads\/sites\/2\/2025\/04\/img-9309-scaled.jpeg","width":2560,"height":486},{"@type":"BreadcrumbList","@id":"https:\/\/www.amritnam.com\/fr\/temples-du-matin\/#breadcrumb","itemListElement":[{"@type":"ListItem","position":1,"name":"Home","item":"https:\/\/www.amritnam.com\/fr\/"},{"@type":"ListItem","position":2,"name":"Temples du Matin"}]},{"@type":"WebSite","@id":"https:\/\/www.amritnam.com\/fr\/#website","url":"https:\/\/www.amritnam.com\/fr\/","name":"ANS FR","description":"Amrit Nam Sarovar \u2013 International Kundalini Yoga School","potentialAction":[{"@type":"SearchAction","target":{"@type":"EntryPoint","urlTemplate":"https:\/\/www.amritnam.com\/fr\/?s={search_term_string}"},"query-input":{"@type":"PropertyValueSpecification","valueRequired":true,"valueName":"search_term_string"}}],"inLanguage":"fr-FR"}]}},"_links":{"self":[{"href":"https:\/\/www.amritnam.com\/fr\/wp-json\/wp\/v2\/pages\/5811","targetHints":{"allow":["GET"]}}],"collection":[{"href":"https:\/\/www.amritnam.com\/fr\/wp-json\/wp\/v2\/pages"}],"about":[{"href":"https:\/\/www.amritnam.com\/fr\/wp-json\/wp\/v2\/types\/page"}],"author":[{"embeddable":true,"href":"https:\/\/www.amritnam.com\/fr\/wp-json\/wp\/v2\/users\/2"}],"replies":[{"embeddable":true,"href":"https:\/\/www.amritnam.com\/fr\/wp-json\/wp\/v2\/comments?post=5811"}],"version-history":[{"count":9,"href":"https:\/\/www.amritnam.com\/fr\/wp-json\/wp\/v2\/pages\/5811\/revisions"}],"predecessor-version":[{"id":5890,"href":"https:\/\/www.amritnam.com\/fr\/wp-json\/wp\/v2\/pages\/5811\/revisions\/5890"}],"wp:attachment":[{"href":"https:\/\/www.amritnam.com\/fr\/wp-json\/wp\/v2\/media?parent=5811"}],"curies":[{"name":"wp","href":"https:\/\/api.w.org\/{rel}","templated":true}]}}