{"id":6087,"date":"2025-11-23T11:26:11","date_gmt":"2025-11-23T10:26:11","guid":{"rendered":"https:\/\/www.amritnam.com\/fr\/?page_id=6087"},"modified":"2025-11-23T11:31:06","modified_gmt":"2025-11-23T10:31:06","slug":"portail-du-solstice-dhiver","status":"publish","type":"page","link":"https:\/\/www.amritnam.com\/fr\/portail-du-solstice-dhiver\/","title":{"rendered":"Portail du solstice d\u2019hiver"},"content":{"rendered":"\n<h2 class=\"wp-block-heading has-text-align-center\">Cours gratuit de yoga kundalini | 21 Dec 18h CET<\/h2>\n\n\n\n<h4 class=\"wp-block-heading has-text-align-center\">avec Satyavrati et Prem Jot<\/h4>\n\n\n\n<figure class=\"wp-block-image\"><img decoding=\"async\" src=\"https:\/\/www.amritnam.com\/wp-content\/uploads\/2025\/11\/dsc-9614-1024x728.jpg\" alt=\"\" class=\"wp-image-7810\"\/><\/figure>\n\n\n\n<p>Rejoignez-nous pour une puissante pratique du Solstice d\u2019hiver \u2014 le dernier portail \u00e9nerg\u00e9tique de l\u2019ann\u00e9e \u2014 afin de clore des milliers d\u2019ann\u00e9es de sch\u00e9mas h\u00e9rit\u00e9s au sein de votre lign\u00e9e familiale.<\/p>\n\n\n\n<p class=\"has-intro-font-size\">Ce moment sacr\u00e9 cr\u00e9e un espace int\u00e9rieur profond, un&nbsp;vide, pour accueillir les nouvelles fr\u00e9quences qui arrivent pour 2026.<\/p>\n\n\n\n<p>Cette s\u00e9ance est d\u00e9di\u00e9e \u00e0 la lib\u00e9ration :<\/p>\n\n\n\n<ul class=\"wp-block-list\">\n<li>des doutes concernant votre v\u00e9ritable identit\u00e9<\/li>\n\n\n\n<li>de la honte, de la culpabilit\u00e9 ou des charges \u00e9motionnelles transmises \u00e0 travers les g\u00e9n\u00e9rations<\/li>\n\n\n\n<li>de tout r\u00e9sidu \u00e9nerg\u00e9tique qui n\u2019a plus sa place sur votre chemin<\/li>\n<\/ul>\n\n\n\n<p class=\"has-intro-font-size\">En laissant aller, nous nous ouvrons \u00e0 recevoir la seule b\u00e9n\u00e9diction dont nous avons besoin maintenant :<\/p>\n\n\n\n<p>le renouveau de la foi en votre potentiel illimit\u00e9.<\/p>\n\n\n\n<ul class=\"wp-block-list\">\n<li>Reconnectez-vous \u00e0 votre essence<\/li>\n\n\n\n<li>Souvenez-vous de votre V\u00e9ritable Identit\u00e9<\/li>\n\n\n\n<li>\u00c9veillez votre&nbsp;Sat NamCome and step into the light of the Solstice.<\/li>\n<\/ul>\n\n\n\n<div class=\"wp-block-buttons is-content-justification-center is-layout-flex wp-container-core-buttons-is-layout-16018d1d wp-block-buttons-is-layout-flex\">\n<div class=\"wp-block-button\"><a class=\"wp-block-button__link wp-element-button\" href=\"https:\/\/amritnam.kartra.com\/page\/Ydy49\">Inscription gratuite<\/a><\/div>\n<\/div>\n","protected":false},"excerpt":{"rendered":"<p>Cours gratuit de yoga kundalini | 21 Dec 18h CET avec Satyavrati et Prem Jot Rejoignez-nous pour une puissante pratique du Solstice d\u2019hiver \u2014 le dernier portail \u00e9nerg\u00e9tique de l\u2019ann\u00e9e&#8230;<\/p>\n","protected":false},"author":9,"featured_media":0,"parent":0,"menu_order":0,"comment_status":"closed","ping_status":"closed","template":"","meta":{"_acf_changed":false,"footnotes":""},"class_list":["post-6087","page","type-page","status-publish","hentry"],"acf":[],"yoast_head":"<!-- This site is optimized with the Yoast SEO plugin v27.3 - https:\/\/yoast.com\/product\/yoast-seo-wordpress\/ -->\n<title>Portail du solstice d\u2019hiver - ANS FR<\/title>\n<meta name=\"robots\" content=\"index, follow, max-snippet:-1, max-image-preview:large, max-video-preview:-1\" \/>\n<link rel=\"canonical\" href=\"https:\/\/www.amritnam.com\/fr\/portail-du-solstice-dhiver\/\" \/>\n<meta property=\"og:locale\" content=\"fr_FR\" \/>\n<meta property=\"og:type\" content=\"article\" \/>\n<meta property=\"og:title\" content=\"Portail du solstice d\u2019hiver - ANS FR\" \/>\n<meta property=\"og:description\" content=\"Cours gratuit de yoga kundalini | 21 Dec 18h CET avec Satyavrati et Prem Jot Rejoignez-nous pour une puissante pratique du Solstice d\u2019hiver \u2014 le dernier portail \u00e9nerg\u00e9tique de l\u2019ann\u00e9e...\" \/>\n<meta property=\"og:url\" content=\"https:\/\/www.amritnam.com\/fr\/portail-du-solstice-dhiver\/\" \/>\n<meta property=\"og:site_name\" content=\"ANS FR\" \/>\n<meta property=\"article:modified_time\" content=\"2025-11-23T10:31:06+00:00\" \/>\n<meta name=\"twitter:card\" content=\"summary_large_image\" \/>\n<meta name=\"twitter:label1\" content=\"Dur\u00e9e de lecture estim\u00e9e\" \/>\n\t<meta name=\"twitter:data1\" content=\"1 minute\" \/>\n<script type=\"application\/ld+json\" class=\"yoast-schema-graph\">{\"@context\":\"https:\\\/\\\/schema.org\",\"@graph\":[{\"@type\":\"WebPage\",\"@id\":\"https:\\\/\\\/www.amritnam.com\\\/fr\\\/portail-du-solstice-dhiver\\\/\",\"url\":\"https:\\\/\\\/www.amritnam.com\\\/fr\\\/portail-du-solstice-dhiver\\\/\",\"name\":\"Portail du solstice d\u2019hiver - ANS FR\",\"isPartOf\":{\"@id\":\"https:\\\/\\\/www.amritnam.com\\\/fr\\\/#website\"},\"primaryImageOfPage\":{\"@id\":\"https:\\\/\\\/www.amritnam.com\\\/fr\\\/portail-du-solstice-dhiver\\\/#primaryimage\"},\"image\":{\"@id\":\"https:\\\/\\\/www.amritnam.com\\\/fr\\\/portail-du-solstice-dhiver\\\/#primaryimage\"},\"thumbnailUrl\":\"https:\\\/\\\/www.amritnam.com\\\/wp-content\\\/uploads\\\/2025\\\/11\\\/dsc-9614-1024x728.jpg\",\"datePublished\":\"2025-11-23T10:26:11+00:00\",\"dateModified\":\"2025-11-23T10:31:06+00:00\",\"breadcrumb\":{\"@id\":\"https:\\\/\\\/www.amritnam.com\\\/fr\\\/portail-du-solstice-dhiver\\\/#breadcrumb\"},\"inLanguage\":\"fr-FR\",\"potentialAction\":[{\"@type\":\"ReadAction\",\"target\":[\"https:\\\/\\\/www.amritnam.com\\\/fr\\\/portail-du-solstice-dhiver\\\/\"]}]},{\"@type\":\"ImageObject\",\"inLanguage\":\"fr-FR\",\"@id\":\"https:\\\/\\\/www.amritnam.com\\\/fr\\\/portail-du-solstice-dhiver\\\/#primaryimage\",\"url\":\"https:\\\/\\\/www.amritnam.com\\\/wp-content\\\/uploads\\\/2025\\\/11\\\/dsc-9614-1024x728.jpg\",\"contentUrl\":\"https:\\\/\\\/www.amritnam.com\\\/wp-content\\\/uploads\\\/2025\\\/11\\\/dsc-9614-1024x728.jpg\"},{\"@type\":\"BreadcrumbList\",\"@id\":\"https:\\\/\\\/www.amritnam.com\\\/fr\\\/portail-du-solstice-dhiver\\\/#breadcrumb\",\"itemListElement\":[{\"@type\":\"ListItem\",\"position\":1,\"name\":\"Home\",\"item\":\"https:\\\/\\\/www.amritnam.com\\\/fr\\\/\"},{\"@type\":\"ListItem\",\"position\":2,\"name\":\"Portail du solstice d\u2019hiver\"}]},{\"@type\":\"WebSite\",\"@id\":\"https:\\\/\\\/www.amritnam.com\\\/fr\\\/#website\",\"url\":\"https:\\\/\\\/www.amritnam.com\\\/fr\\\/\",\"name\":\"ANS FR\",\"description\":\"Amrit Nam Sarovar \u2013 International Kundalini Yoga School\",\"potentialAction\":[{\"@type\":\"SearchAction\",\"target\":{\"@type\":\"EntryPoint\",\"urlTemplate\":\"https:\\\/\\\/www.amritnam.com\\\/fr\\\/?s={search_term_string}\"},\"query-input\":{\"@type\":\"PropertyValueSpecification\",\"valueRequired\":true,\"valueName\":\"search_term_string\"}}],\"inLanguage\":\"fr-FR\"}]}<\/script>\n<!-- \/ Yoast SEO plugin. -->","yoast_head_json":{"title":"Portail du solstice d\u2019hiver - ANS FR","robots":{"index":"index","follow":"follow","max-snippet":"max-snippet:-1","max-image-preview":"max-image-preview:large","max-video-preview":"max-video-preview:-1"},"canonical":"https:\/\/www.amritnam.com\/fr\/portail-du-solstice-dhiver\/","og_locale":"fr_FR","og_type":"article","og_title":"Portail du solstice d\u2019hiver - ANS FR","og_description":"Cours gratuit de yoga kundalini | 21 Dec 18h CET avec Satyavrati et Prem Jot Rejoignez-nous pour une puissante pratique du Solstice d\u2019hiver \u2014 le dernier portail \u00e9nerg\u00e9tique de l\u2019ann\u00e9e...","og_url":"https:\/\/www.amritnam.com\/fr\/portail-du-solstice-dhiver\/","og_site_name":"ANS FR","article_modified_time":"2025-11-23T10:31:06+00:00","twitter_card":"summary_large_image","twitter_misc":{"Dur\u00e9e de lecture estim\u00e9e":"1 minute"},"schema":{"@context":"https:\/\/schema.org","@graph":[{"@type":"WebPage","@id":"https:\/\/www.amritnam.com\/fr\/portail-du-solstice-dhiver\/","url":"https:\/\/www.amritnam.com\/fr\/portail-du-solstice-dhiver\/","name":"Portail du solstice d\u2019hiver - ANS FR","isPartOf":{"@id":"https:\/\/www.amritnam.com\/fr\/#website"},"primaryImageOfPage":{"@id":"https:\/\/www.amritnam.com\/fr\/portail-du-solstice-dhiver\/#primaryimage"},"image":{"@id":"https:\/\/www.amritnam.com\/fr\/portail-du-solstice-dhiver\/#primaryimage"},"thumbnailUrl":"https:\/\/www.amritnam.com\/wp-content\/uploads\/2025\/11\/dsc-9614-1024x728.jpg","datePublished":"2025-11-23T10:26:11+00:00","dateModified":"2025-11-23T10:31:06+00:00","breadcrumb":{"@id":"https:\/\/www.amritnam.com\/fr\/portail-du-solstice-dhiver\/#breadcrumb"},"inLanguage":"fr-FR","potentialAction":[{"@type":"ReadAction","target":["https:\/\/www.amritnam.com\/fr\/portail-du-solstice-dhiver\/"]}]},{"@type":"ImageObject","inLanguage":"fr-FR","@id":"https:\/\/www.amritnam.com\/fr\/portail-du-solstice-dhiver\/#primaryimage","url":"https:\/\/www.amritnam.com\/wp-content\/uploads\/2025\/11\/dsc-9614-1024x728.jpg","contentUrl":"https:\/\/www.amritnam.com\/wp-content\/uploads\/2025\/11\/dsc-9614-1024x728.jpg"},{"@type":"BreadcrumbList","@id":"https:\/\/www.amritnam.com\/fr\/portail-du-solstice-dhiver\/#breadcrumb","itemListElement":[{"@type":"ListItem","position":1,"name":"Home","item":"https:\/\/www.amritnam.com\/fr\/"},{"@type":"ListItem","position":2,"name":"Portail du solstice d\u2019hiver"}]},{"@type":"WebSite","@id":"https:\/\/www.amritnam.com\/fr\/#website","url":"https:\/\/www.amritnam.com\/fr\/","name":"ANS FR","description":"Amrit Nam Sarovar \u2013 International Kundalini Yoga School","potentialAction":[{"@type":"SearchAction","target":{"@type":"EntryPoint","urlTemplate":"https:\/\/www.amritnam.com\/fr\/?s={search_term_string}"},"query-input":{"@type":"PropertyValueSpecification","valueRequired":true,"valueName":"search_term_string"}}],"inLanguage":"fr-FR"}]}},"_links":{"self":[{"href":"https:\/\/www.amritnam.com\/fr\/wp-json\/wp\/v2\/pages\/6087","targetHints":{"allow":["GET"]}}],"collection":[{"href":"https:\/\/www.amritnam.com\/fr\/wp-json\/wp\/v2\/pages"}],"about":[{"href":"https:\/\/www.amritnam.com\/fr\/wp-json\/wp\/v2\/types\/page"}],"author":[{"embeddable":true,"href":"https:\/\/www.amritnam.com\/fr\/wp-json\/wp\/v2\/users\/9"}],"replies":[{"embeddable":true,"href":"https:\/\/www.amritnam.com\/fr\/wp-json\/wp\/v2\/comments?post=6087"}],"version-history":[{"count":2,"href":"https:\/\/www.amritnam.com\/fr\/wp-json\/wp\/v2\/pages\/6087\/revisions"}],"predecessor-version":[{"id":6092,"href":"https:\/\/www.amritnam.com\/fr\/wp-json\/wp\/v2\/pages\/6087\/revisions\/6092"}],"wp:attachment":[{"href":"https:\/\/www.amritnam.com\/fr\/wp-json\/wp\/v2\/media?parent=6087"}],"curies":[{"name":"wp","href":"https:\/\/api.w.org\/{rel}","templated":true}]}}