{"id":904,"date":"2022-03-17T16:50:55","date_gmt":"2022-03-17T15:50:55","guid":{"rendered":"https:\/\/www.amritnam.com\/?page_id=904"},"modified":"2022-12-05T19:31:45","modified_gmt":"2022-12-05T18:31:45","slug":"membre-formateur-ans","status":"publish","type":"page","link":"https:\/\/www.amritnam.com\/fr\/academie-enligne-ans\/membre-formateur-ans\/","title":{"rendered":"Membre Formateur ANS"},"content":{"rendered":"\n<h2 class=\"has-text-align-center wp-block-heading\">Formateur ANS en probation<\/h2>\n\n\n\n<p class=\"has-intro-font-size\">Vous avez particip\u00e9 au programme de mentorat ANS et d\u00e9cidez de suivre cette voie pour devenir formateur ANS.<\/p>\n\n\n\n<p class=\"is-style-sans-serif\">Nous finaliserons votre approbation lors du prochain rassemblement des enseignants ANS en \u00e9t\u00e9 avant la semaine d&#8217;immersion.<\/p>\n\n\n\n<div style=\"height:68px\" aria-hidden=\"true\" class=\"wp-block-spacer\"><\/div>\n\n\n\n<div class=\"wp-block-group alignwide has-blue-20-background-color has-background is-layout-flow wp-block-group-is-layout-flow\">\n<div style=\"height:30px\" aria-hidden=\"true\" class=\"wp-block-spacer\"><\/div>\n\n\n\n<div class=\"wp-block-columns alignwide is-layout-flex wp-container-core-columns-is-layout-9d6595d7 wp-block-columns-is-layout-flex\">\n<div class=\"wp-block-column is-layout-flow wp-block-column-is-layout-flow\">\n<h4 class=\"has-blue-color has-text-color wp-block-heading\">Exigences pour l&#8217;adh\u00e9sion \u00e0 les Formateur ANS in Probation<\/h4>\n\n\n\n<ul class=\"has-blue-color has-text-color wp-block-list\">\n<li>Vous avez suivi la formation d&#8217;\u00e9veil ANS niveau 1 et niveau 2 (ou une autre forme de formation de professeur de Kundalini Yoga niveau 1 et ANS niveau 2)<\/li>\n\n\n\n<li>Vous d\u00e9tenez l&#8217;adh\u00e9sion d&#8217;enseignant ANS<\/li>\n\n\n\n<li>Vous avez particip\u00e9 au programme de mentorat ANS pendant 1 ou 2 ans (exigence d\u00e9pendant de chaque individu)<\/li>\n\n\n\n<li>Vous avez enseign\u00e9 (au minimum) 350 heures de cours de Kundalini Yoga (avec documentation)<\/li>\n\n\n\n<li>Vous assistez (au minimum) \u00e0 1 cours de yoga par semaine avec un professeur ANS ou avec le programme en ligne d&#8217;adh\u00e9sion \u00e9tudiante ANS&nbsp;<\/li>\n\n\n\n<li>Vous \u00eates engag\u00e9 dans un programme de d\u00e9veloppement transpersonnel encadr\u00e9 par Satyavrati (renouvel\u00e9 lors du rassemblement des enseignants ANS chaque \u00e9t\u00e9)<\/li>\n\n\n\n<li>Vous vous engagez \u00e0 assister au Rassemblement des enseignants de l&#8217;ANS au Martinet pour rencontrer le sangat p\u00e9dagogique \u00e9largie et mettre \u00e0 jour les enseignements (apprentissage permanent, participation minimum 2x en 3 ans<\/li>\n\n\n\n<li>Vous enseignez (au minimum) 1 sadhana de groupe par mois<\/li>\n\n\n\n<li>Vous soumettez une lettre de recommandation de votre Mentor<\/li>\n\n\n\n<li>Vous soumettez votre plan pour un projet de formation des enseignants<\/li>\n\n\n\n<li>Vous respectez le fait que le contenu et la m\u00e9thodologie de l&#8217;enseignement sont la propri\u00e9t\u00e9 intellectuelle d&#8217;Amrit Nam Sarovar. Vous vous engagez \u00e0 ne l&#8217;utiliser que dans le cadre de la mission de l&#8217;\u00e9cole de partager l&#8217;esprit.<\/li>\n<\/ul>\n<\/div>\n\n\n\n<div class=\"wp-block-column is-layout-flow wp-block-column-is-layout-flow\">\n<h4 class=\"has-blue-color has-text-color wp-block-heading\"><strong>Ce que vous recevez<\/strong><\/h4>\n\n\n\n<p class=\"has-blue-color has-text-color has-small-font-size\">Au cours de vos deux premi\u00e8res ann\u00e9es, vous serez un formateur en probation avec votre propre projet de formation ANS.<\/p>\n\n\n\n<p class=\"has-blue-color has-text-color has-small-font-size\">Vous recevrez une supervision de mentorat par Satyavrati ou un autre mentor formateur ANS d\u00e9sign\u00e9.<\/p>\n\n\n\n<p class=\"has-blue-color has-text-color has-small-font-size\">Ce mentorat soutiendra votre pr\u00e9paration des modules et la prestation de la formation.<\/p>\n\n\n\n<p class=\"has-blue-color has-text-color has-small-font-size\">Cela vous donnera \u00e9galement l&#8217;occasion de recevoir des commentaires et de partager vos exp\u00e9riences, ce qui vous aidera \u00e0 int\u00e9grer cette voie.<\/p>\n\n\n\n<p class=\"has-blue-color has-text-color has-small-font-size\">En tant que formateur ANS, vous conservez votre statut d&#8217;enseignant ANS avec tous les acc\u00e8s et avantages.<\/p>\n<\/div>\n<\/div>\n\n\n\n<div class=\"wp-block-buttons is-content-justification-center is-layout-flex wp-container-core-buttons-is-layout-16018d1d wp-block-buttons-is-layout-flex\">\n<div class=\"wp-block-button\"><a class=\"wp-block-button__link wp-element-button\" href=\"mailto:info@amritnam.com\">Pour postuler \u00e0 l&#8217;ANS Trainer in Probation Membership, veuillez nous envoyer un e-mail<\/a><\/div>\n<\/div>\n\n\n\n<div style=\"height:15px\" aria-hidden=\"true\" class=\"wp-block-spacer\"><\/div>\n\n\n\n<p><\/p>\n<\/div>\n\n\n\n<div style=\"height:100px\" aria-hidden=\"true\" class=\"wp-block-spacer\"><\/div>\n\n\n\n<h2 class=\"has-text-align-center wp-block-heading\">Membre Formateur ANS<\/h2>\n\n\n\n<p class=\"has-intro-font-size\">Vous avez \u00e9t\u00e9 membre de l&#8217;ANS Trainers Academy et vous souhaitez renouveler votre adh\u00e9sion annuelle.<\/p>\n\n\n\n<div style=\"height:48px\" aria-hidden=\"true\" class=\"wp-block-spacer\"><\/div>\n\n\n\n<div class=\"wp-block-buttons is-content-justification-center is-layout-flex wp-container-core-buttons-is-layout-16018d1d wp-block-buttons-is-layout-flex\">\n<div class=\"wp-block-button\"><a class=\"wp-block-button__link wp-element-button\">Pour \u00eatre approuv\u00e9, veuillez nous envoyer un e-mail<\/a><\/div>\n<\/div>\n","protected":false},"excerpt":{"rendered":"<p>Formateur ANS en probation Vous avez particip\u00e9 au programme de mentorat ANS et d\u00e9cidez de suivre cette voie pour devenir formateur ANS. Nous finaliserons votre approbation lors du prochain rassemblement&#8230;<\/p>\n","protected":false},"author":1,"featured_media":0,"parent":898,"menu_order":20,"comment_status":"closed","ping_status":"closed","template":"","meta":{"_acf_changed":false,"footnotes":""},"class_list":["post-904","page","type-page","status-publish","hentry"],"acf":[],"yoast_head":"<!-- This site is optimized with the Yoast SEO plugin v27.5 - https:\/\/yoast.com\/product\/yoast-seo-wordpress\/ -->\n<title>Membre Formateur ANS - ANS FR<\/title>\n<meta name=\"robots\" content=\"index, follow, max-snippet:-1, max-image-preview:large, max-video-preview:-1\" \/>\n<link rel=\"canonical\" href=\"https:\/\/www.amritnam.com\/fr\/academie-enligne-ans\/membre-formateur-ans\/\" \/>\n<meta property=\"og:locale\" content=\"fr_FR\" \/>\n<meta property=\"og:type\" content=\"article\" \/>\n<meta property=\"og:title\" content=\"Membre Formateur ANS - ANS FR\" \/>\n<meta property=\"og:description\" content=\"Formateur ANS en probation Vous avez particip\u00e9 au programme de mentorat ANS et d\u00e9cidez de suivre cette voie pour devenir formateur ANS. Nous finaliserons votre approbation lors du prochain rassemblement...\" \/>\n<meta property=\"og:url\" content=\"https:\/\/www.amritnam.com\/fr\/academie-enligne-ans\/membre-formateur-ans\/\" \/>\n<meta property=\"og:site_name\" content=\"ANS FR\" \/>\n<meta property=\"article:modified_time\" content=\"2022-12-05T18:31:45+00:00\" \/>\n<meta name=\"twitter:card\" content=\"summary_large_image\" \/>\n<meta name=\"twitter:label1\" content=\"Dur\u00e9e de lecture estim\u00e9e\" \/>\n\t<meta name=\"twitter:data1\" content=\"2 minutes\" \/>\n<script type=\"application\/ld+json\" class=\"yoast-schema-graph\">{\"@context\":\"https:\\\/\\\/schema.org\",\"@graph\":[{\"@type\":\"WebPage\",\"@id\":\"https:\\\/\\\/www.amritnam.com\\\/fr\\\/academie-enligne-ans\\\/membre-formateur-ans\\\/\",\"url\":\"https:\\\/\\\/www.amritnam.com\\\/fr\\\/academie-enligne-ans\\\/membre-formateur-ans\\\/\",\"name\":\"Membre Formateur ANS - ANS FR\",\"isPartOf\":{\"@id\":\"https:\\\/\\\/www.amritnam.com\\\/fr\\\/#website\"},\"datePublished\":\"2022-03-17T15:50:55+00:00\",\"dateModified\":\"2022-12-05T18:31:45+00:00\",\"breadcrumb\":{\"@id\":\"https:\\\/\\\/www.amritnam.com\\\/fr\\\/academie-enligne-ans\\\/membre-formateur-ans\\\/#breadcrumb\"},\"inLanguage\":\"fr-FR\",\"potentialAction\":[{\"@type\":\"ReadAction\",\"target\":[\"https:\\\/\\\/www.amritnam.com\\\/fr\\\/academie-enligne-ans\\\/membre-formateur-ans\\\/\"]}]},{\"@type\":\"BreadcrumbList\",\"@id\":\"https:\\\/\\\/www.amritnam.com\\\/fr\\\/academie-enligne-ans\\\/membre-formateur-ans\\\/#breadcrumb\",\"itemListElement\":[{\"@type\":\"ListItem\",\"position\":1,\"name\":\"Home\",\"item\":\"https:\\\/\\\/www.amritnam.com\\\/fr\\\/\"},{\"@type\":\"ListItem\",\"position\":2,\"name\":\"Acad\u00e9mie des membres ANS\",\"item\":\"https:\\\/\\\/www.amritnam.com\\\/fr\\\/academie-enligne-ans\\\/\"},{\"@type\":\"ListItem\",\"position\":3,\"name\":\"Membre Formateur ANS\"}]},{\"@type\":\"WebSite\",\"@id\":\"https:\\\/\\\/www.amritnam.com\\\/fr\\\/#website\",\"url\":\"https:\\\/\\\/www.amritnam.com\\\/fr\\\/\",\"name\":\"ANS FR\",\"description\":\"Amrit Nam Sarovar \u2013 International Kundalini Yoga School\",\"potentialAction\":[{\"@type\":\"SearchAction\",\"target\":{\"@type\":\"EntryPoint\",\"urlTemplate\":\"https:\\\/\\\/www.amritnam.com\\\/fr\\\/?s={search_term_string}\"},\"query-input\":{\"@type\":\"PropertyValueSpecification\",\"valueRequired\":true,\"valueName\":\"search_term_string\"}}],\"inLanguage\":\"fr-FR\"}]}<\/script>\n<!-- \/ Yoast SEO plugin. -->","yoast_head_json":{"title":"Membre Formateur ANS - ANS FR","robots":{"index":"index","follow":"follow","max-snippet":"max-snippet:-1","max-image-preview":"max-image-preview:large","max-video-preview":"max-video-preview:-1"},"canonical":"https:\/\/www.amritnam.com\/fr\/academie-enligne-ans\/membre-formateur-ans\/","og_locale":"fr_FR","og_type":"article","og_title":"Membre Formateur ANS - ANS FR","og_description":"Formateur ANS en probation Vous avez particip\u00e9 au programme de mentorat ANS et d\u00e9cidez de suivre cette voie pour devenir formateur ANS. Nous finaliserons votre approbation lors du prochain rassemblement...","og_url":"https:\/\/www.amritnam.com\/fr\/academie-enligne-ans\/membre-formateur-ans\/","og_site_name":"ANS FR","article_modified_time":"2022-12-05T18:31:45+00:00","twitter_card":"summary_large_image","twitter_misc":{"Dur\u00e9e de lecture estim\u00e9e":"2 minutes"},"schema":{"@context":"https:\/\/schema.org","@graph":[{"@type":"WebPage","@id":"https:\/\/www.amritnam.com\/fr\/academie-enligne-ans\/membre-formateur-ans\/","url":"https:\/\/www.amritnam.com\/fr\/academie-enligne-ans\/membre-formateur-ans\/","name":"Membre Formateur ANS - ANS FR","isPartOf":{"@id":"https:\/\/www.amritnam.com\/fr\/#website"},"datePublished":"2022-03-17T15:50:55+00:00","dateModified":"2022-12-05T18:31:45+00:00","breadcrumb":{"@id":"https:\/\/www.amritnam.com\/fr\/academie-enligne-ans\/membre-formateur-ans\/#breadcrumb"},"inLanguage":"fr-FR","potentialAction":[{"@type":"ReadAction","target":["https:\/\/www.amritnam.com\/fr\/academie-enligne-ans\/membre-formateur-ans\/"]}]},{"@type":"BreadcrumbList","@id":"https:\/\/www.amritnam.com\/fr\/academie-enligne-ans\/membre-formateur-ans\/#breadcrumb","itemListElement":[{"@type":"ListItem","position":1,"name":"Home","item":"https:\/\/www.amritnam.com\/fr\/"},{"@type":"ListItem","position":2,"name":"Acad\u00e9mie des membres ANS","item":"https:\/\/www.amritnam.com\/fr\/academie-enligne-ans\/"},{"@type":"ListItem","position":3,"name":"Membre Formateur ANS"}]},{"@type":"WebSite","@id":"https:\/\/www.amritnam.com\/fr\/#website","url":"https:\/\/www.amritnam.com\/fr\/","name":"ANS FR","description":"Amrit Nam Sarovar \u2013 International Kundalini Yoga School","potentialAction":[{"@type":"SearchAction","target":{"@type":"EntryPoint","urlTemplate":"https:\/\/www.amritnam.com\/fr\/?s={search_term_string}"},"query-input":{"@type":"PropertyValueSpecification","valueRequired":true,"valueName":"search_term_string"}}],"inLanguage":"fr-FR"}]}},"_links":{"self":[{"href":"https:\/\/www.amritnam.com\/fr\/wp-json\/wp\/v2\/pages\/904","targetHints":{"allow":["GET"]}}],"collection":[{"href":"https:\/\/www.amritnam.com\/fr\/wp-json\/wp\/v2\/pages"}],"about":[{"href":"https:\/\/www.amritnam.com\/fr\/wp-json\/wp\/v2\/types\/page"}],"author":[{"embeddable":true,"href":"https:\/\/www.amritnam.com\/fr\/wp-json\/wp\/v2\/users\/1"}],"replies":[{"embeddable":true,"href":"https:\/\/www.amritnam.com\/fr\/wp-json\/wp\/v2\/comments?post=904"}],"version-history":[{"count":5,"href":"https:\/\/www.amritnam.com\/fr\/wp-json\/wp\/v2\/pages\/904\/revisions"}],"predecessor-version":[{"id":4385,"href":"https:\/\/www.amritnam.com\/fr\/wp-json\/wp\/v2\/pages\/904\/revisions\/4385"}],"up":[{"embeddable":true,"href":"https:\/\/www.amritnam.com\/fr\/wp-json\/wp\/v2\/pages\/898"}],"wp:attachment":[{"href":"https:\/\/www.amritnam.com\/fr\/wp-json\/wp\/v2\/media?parent=904"}],"curies":[{"name":"wp","href":"https:\/\/api.w.org\/{rel}","templated":true}]}}