{"id":1827,"date":"2022-04-19T10:41:12","date_gmt":"2022-04-19T08:41:12","guid":{"rendered":"https:\/\/www.amritnam.com\/?post_type=product&#038;p=1827"},"modified":"2026-03-25T17:53:13","modified_gmt":"2026-03-25T16:53:13","slug":"cure-ayurvedic-dhiver","status":"publish","type":"product","link":"https:\/\/www.amritnam.com\/fr\/product\/cure-ayurvedic-dhiver\/","title":{"rendered":"Cure Ayurvedic d&#8217;Hiver"},"content":{"rendered":"\n<h2 class=\"wp-block-heading alignwide has-text-align-center is-style-script-headline\">Purifiez votre corps, votre mental et votre esprit<\/h2>\n\n\n\n<h5 class=\"wp-block-heading has-text-align-center is-style-default has-blue-color has-text-color\">14 &#8211; 21 novembre 2026<br><\/h5>\n\n\n\n<figure class=\"wp-block-image size-large is-style-clipped\"><img decoding=\"async\" src=\"https:\/\/www.amritnam.com\/wp-content\/uploads\/2022\/04\/img-1401-2-1024x768.jpg\" alt=\"\" class=\"wp-image-1664\"\/><\/figure>\n\n\n\n<p class=\"is-style-sans-serif\">La Cure Ayurv\u00e9dique Le Martinet est un programme de d\u00e9sintoxication pour aider \u00e0 \u00e9liminer les toxines du corps &#8211; physiques, \u00e9motionnelles et mentales.<\/p>\n\n\n\n<p class=\"has-intro-font-size\">Nous sommes l\u00e0 pour soutenir votre intention, prendre soin de votre bien-\u00eatre et de votre sant\u00e9.<\/p>\n\n\n\n<p class=\"is-style-sans-serif\">Notre \u00e9quipe de praticiens hautement qualifi\u00e9s en m\u00e9decine naturelle et en ayurv\u00e9da&nbsp;cr\u00e9e pour vous l&#8217;espace&nbsp;pour l\u00e2cher prise, vous d\u00e9tendre et tirer le meilleur parti des traitements. <\/p>\n\n\n\n<p class=\"is-style-sans-serif\">Vous profiterez d&#8217;un massage ayurv\u00e9dique quotidien, d&#8217;une cuisine gastronomique saine et biologique (locale, saisonni\u00e8re, v\u00e9g\u00e9talienne\/v\u00e9g\u00e9tarienne) et de soins curatifs con\u00e7us pour r\u00e9pondre \u00e0 votre type de corps et \u00e0 votre \u00e9tat de sant\u00e9 actuel.<\/p>\n\n\n\n<p class=\"is-style-sans-serif\">La semaine comprend \u00e9galement une consultation personnelle de gu\u00e9rison et de mentorat avec Satyavrati Yogi, une Sadhana quotidienne, des m\u00e9ditations et des promenades l&#8217;apr\u00e8s-midi.<\/p>\n\n\n\n<ul class=\"wp-block-list is-style-sans-serif\">\n<li>R\u00e9alisez et acceptez&nbsp;vos&nbsp;obstacles, distractions et sources de stress actuels<\/li>\n\n\n\n<li>Prenez soin de la douleur physique, des habitudes toxiques ou de tout conflit au sein de votre constitution<\/li>\n\n\n\n<li>Dissoudre vos r\u00e9sistances<\/li>\n\n\n\n<li>Retrouvez l&#8217;harmonie dans votre vie<\/li>\n\n\n\n<li>Prenez conscience de votre \u00e9tat afin de renforcer votre immunit\u00e9 pour vivre une vie longue et paisible.<\/li>\n<\/ul>\n\n\n\n<h6 class=\"wp-block-heading\"><\/h6>\n\n\n\n<div style=\"height:30px\" aria-hidden=\"true\" class=\"wp-block-spacer\"><\/div>\n\n\n\n<div class=\"wp-block-group alignfull is-style-half-background-bottom has-orange-20-background-color has-background is-layout-flow wp-block-group-is-layout-flow\">\n<figure class=\"wp-block-image aligncenter size-medium\"><img decoding=\"async\" src=\"https:\/\/www.amritnam.com\/wp-content\/uploads\/2022\/04\/img-1395-2-360x270.jpg\" alt=\"\" class=\"wp-image-1665\"\/><\/figure>\n<\/div>\n\n\n\n<div class=\"wp-block-group alignfull product-summary-box has-orange-20-background-color has-background is-layout-flow wp-block-group-is-layout-flow\">\n<div class=\"wp-block-columns is-layout-flex wp-container-core-columns-is-layout-9d6595d7 wp-block-columns-is-layout-flex\">\n<div class=\"wp-block-column is-layout-flow wp-block-column-is-layout-flow\">\n<h4 class=\"wp-block-heading has-blue-color has-text-color\">Prix<\/h4>\n\n\n\n<p class=\"has-blue-color has-text-color has-intro-font-size\">Le prix du programme de cure ayurv\u00e9dique d&#8217;une semaine est de 1.600 \u20ac (TVA incluse).<\/p>\n\n\n\n<p class=\"has-blue-color has-text-color has-intro-font-size\">Le prix comprend les massages, la consultation de gu\u00e9rison, la consultation ayurv\u00e9dique, le programme de yoga et meditation, trois repas ayurv\u00e9diques par jour.\u00a0<\/p>\n\n\n\n<p class=\"has-blue-color has-text-color has-small-font-size\"><strong>Nous proposons les cat\u00e9gories de chambres suivantes :&nbsp;<\/strong><\/p>\n\n\n\n<figure class=\"wp-block-table is-style-bordered-bottom\"><table><tbody><tr><td>Chambre simple avec salle de bain partag\u00e9e<\/td><td class=\"has-text-align-right\" data-align=\"right\">55 \u20ac | nuit<\/td><\/tr><tr><td>Chambre individuelle avec douche<\/td><td class=\"has-text-align-right\" data-align=\"right\">65 \u20ac | nuit<\/td><\/tr><tr><td>Chambre double en occupation double<\/td><td class=\"has-text-align-right\" data-align=\"right\">45 \u20ac | nuit<\/td><\/tr><tr><td>Chambre double en occupation simple<\/td><td class=\"has-text-align-right\" data-align=\"right\">90 \u20ac | nuit<\/td><\/tr><tr><td>Suite en occupation simple<\/td><td class=\"has-text-align-right\" data-align=\"right\">130 \u20ac | nuit<\/td><\/tr><tr><td>Suite en occupation double<\/td><td class=\"has-text-align-right\" data-align=\"right\"> 65 \u20ac | nuit<\/td><\/tr><\/tbody><\/table><\/figure>\n<\/div>\n\n\n\n<div class=\"wp-block-column is-layout-flow wp-block-column-is-layout-flow\">\n<h4 class=\"wp-block-heading has-blue-color has-text-color\">Conditions g\u00e9n\u00e9rales<\/h4>\n\n\n\n<p class=\"has-blue-color has-text-color has-intro-font-size\"><strong>Date : Sam 14 &#8211; Sam 21 Nov<\/strong> <strong>2026<\/strong><br><\/p>\n\n\n\n<p class=\"is-style-sans-serif\">Heure d&#8217;arriv\u00e9e 14-17h | le programme commence \u00e0 17h le jour de l&#8217;arriv\u00e9e.<br>Le programme se termine apr\u00e8s le petit-d\u00e9jeuner du jour du d\u00e9part (10h).<\/p>\n\n\n\n<p class=\"is-style-sans-serif\">Nos th\u00e9rapeutes parlent fran\u00e7ais et anglais<\/p>\n\n\n\n<div style=\"height:30px\" aria-hidden=\"true\" class=\"wp-block-spacer\"><\/div>\n\n\n\n<h4 class=\"wp-block-heading has-blue-color has-text-color\">Prenez votre d\u00e9cision<\/h4>\n\n\n\n<div class=\"alignleft\"><\/div>\n<\/div>\n<\/div>\n<\/div>\n\n\n\n<div class=\"wp-block-group alignfull is-style-half-background-top has-orange-20-background-color has-background is-layout-flow wp-block-group-is-layout-flow\">\n<figure class=\"wp-block-image aligncenter size-medium\"><img decoding=\"async\" src=\"https:\/\/www.amritnam.com\/wp-content\/uploads\/2022\/04\/img-1385-2-360x270.jpg\" alt=\"\" class=\"wp-image-1686\"\/><\/figure>\n<\/div>\n","protected":false},"excerpt":{"rendered":"<p><strong>14 &#8211; 21\u00a0Nov\u00a02026 | au\u00a0Martinet<\/strong><\/p>\n","protected":false},"featured_media":1664,"template":"","meta":{"_acf_changed":false},"product_brand":[],"product_cat":[107,106],"product_tag":[113,114,115,118,101],"class_list":{"0":"post-1827","1":"product","2":"type-product","3":"status-publish","4":"has-post-thumbnail","6":"product_cat-retreat","7":"product_cat-evenements","8":"product_tag-meditation","9":"product_tag-kundalini-yoga","10":"product_tag-healing","11":"product_tag-ayurveda","12":"product_tag-residential","13":"has-thumbnail","14":"is-shop-event","16":"first","17":"instock","18":"virtual","19":"taxable","20":"purchasable","21":"product-type-bundle"},"bundled_by":[],"bundle_stock_status":"instock","bundle_stock_quantity":11,"bundle_virtual":true,"bundle_layout":"default","bundle_add_to_cart_form_location":"default","bundle_editable_in_cart":false,"bundle_sold_individually_context":"product","bundle_item_grouping":"parent","bundle_min_size":"","bundle_max_size":"","bundle_price":{"price":{"min":{"incl_tax":"1915","excl_tax":"1646.21"},"max":{"incl_tax":"2510","excl_tax":"2187.12"}},"regular_price":{"min":{"incl_tax":"1915","excl_tax":"1646.21"},"max":{"incl_tax":"2510","excl_tax":"2187.12"}}},"bundled_items":[{"bundled_item_id":31,"product_id":1711,"menu_order":0,"quantity_min":1,"quantity_max":1,"quantity_default":1,"priced_individually":true,"shipped_individually":true,"override_title":false,"title":"Cure Ayurvedic Programme","override_description":false,"description":"","optional":false,"hide_thumbnail":false,"discount":"","override_variations":false,"allowed_variations":[],"override_default_variation_attributes":false,"default_variation_attributes":[],"single_product_visibility":"hidden","cart_visibility":"hidden","order_visibility":"hidden","single_product_price_visibility":"visible","cart_price_visibility":"visible","order_price_visibility":"visible","stock_status":"in_stock"},{"bundled_item_id":32,"product_id":1276,"menu_order":1,"quantity_min":1,"quantity_max":1,"quantity_default":1,"priced_individually":true,"shipped_individually":true,"override_title":false,"title":"Restauration 1 Week","override_description":false,"description":"","optional":false,"hide_thumbnail":false,"discount":"","override_variations":false,"allowed_variations":[],"override_default_variation_attributes":false,"default_variation_attributes":[],"single_product_visibility":"hidden","cart_visibility":"hidden","order_visibility":"hidden","single_product_price_visibility":"visible","cart_price_visibility":"visible","order_price_visibility":"visible","stock_status":"in_stock"},{"bundled_item_id":33,"product_id":1822,"menu_order":2,"quantity_min":1,"quantity_max":1,"quantity_default":1,"priced_individually":true,"shipped_individually":false,"override_title":false,"title":"Cure Ayurvedic d'hiver \u2013 logement","override_description":false,"description":"","optional":false,"hide_thumbnail":true,"discount":"","override_variations":false,"allowed_variations":[],"override_default_variation_attributes":false,"default_variation_attributes":[],"single_product_visibility":"visible","cart_visibility":"visible","order_visibility":"visible","single_product_price_visibility":"visible","cart_price_visibility":"visible","order_price_visibility":"visible","stock_status":"in_stock"}],"bundle_sell_ids":[],"acf":[],"yoast_head":"<!-- This site is optimized with the Yoast SEO plugin v27.4 - https:\/\/yoast.com\/product\/yoast-seo-wordpress\/ -->\n<title>Cure Ayurvedic d&#039;Hiver - ANS FR<\/title>\n<meta name=\"robots\" content=\"index, follow, max-snippet:-1, max-image-preview:large, max-video-preview:-1\" \/>\n<link rel=\"canonical\" href=\"https:\/\/www.amritnam.com\/fr\/product\/cure-ayurvedic-dhiver\/\" \/>\n<meta property=\"og:locale\" content=\"fr_FR\" \/>\n<meta property=\"og:type\" content=\"article\" \/>\n<meta property=\"og:title\" content=\"Cure Ayurvedic d&#039;Hiver - ANS FR\" \/>\n<meta property=\"og:description\" content=\"14 - 21\u00a0Nov\u00a02026 | au\u00a0Martinet\" \/>\n<meta property=\"og:url\" content=\"https:\/\/www.amritnam.com\/fr\/product\/cure-ayurvedic-dhiver\/\" \/>\n<meta property=\"og:site_name\" content=\"ANS FR\" \/>\n<meta property=\"article:modified_time\" content=\"2026-03-25T16:53:13+00:00\" \/>\n<meta property=\"og:image\" content=\"https:\/\/www.amritnam.com\/fr\/wp-content\/uploads\/sites\/2\/2022\/04\/img-1401-2-scaled-1.jpg\" \/>\n\t<meta property=\"og:image:width\" content=\"2560\" \/>\n\t<meta property=\"og:image:height\" content=\"1920\" \/>\n\t<meta property=\"og:image:type\" content=\"image\/jpeg\" \/>\n<meta name=\"twitter:card\" content=\"summary_large_image\" \/>\n<meta name=\"twitter:label1\" content=\"Dur\u00e9e de lecture estim\u00e9e\" \/>\n\t<meta name=\"twitter:data1\" content=\"3 minutes\" \/>\n<script type=\"application\/ld+json\" class=\"yoast-schema-graph\">{\"@context\":\"https:\\\/\\\/schema.org\",\"@graph\":[{\"@type\":\"WebPage\",\"@id\":\"https:\\\/\\\/www.amritnam.com\\\/fr\\\/product\\\/cure-ayurvedic-dhiver\\\/\",\"url\":\"https:\\\/\\\/www.amritnam.com\\\/fr\\\/product\\\/cure-ayurvedic-dhiver\\\/\",\"name\":\"Cure Ayurvedic d'Hiver - ANS FR\",\"isPartOf\":{\"@id\":\"https:\\\/\\\/www.amritnam.com\\\/fr\\\/#website\"},\"primaryImageOfPage\":{\"@id\":\"https:\\\/\\\/www.amritnam.com\\\/fr\\\/product\\\/cure-ayurvedic-dhiver\\\/#primaryimage\"},\"image\":{\"@id\":\"https:\\\/\\\/www.amritnam.com\\\/fr\\\/product\\\/cure-ayurvedic-dhiver\\\/#primaryimage\"},\"thumbnailUrl\":\"https:\\\/\\\/www.amritnam.com\\\/fr\\\/wp-content\\\/uploads\\\/sites\\\/2\\\/2022\\\/04\\\/img-1401-2-scaled-1.jpg\",\"datePublished\":\"2022-04-19T08:41:12+00:00\",\"dateModified\":\"2026-03-25T16:53:13+00:00\",\"breadcrumb\":{\"@id\":\"https:\\\/\\\/www.amritnam.com\\\/fr\\\/product\\\/cure-ayurvedic-dhiver\\\/#breadcrumb\"},\"inLanguage\":\"fr-FR\",\"potentialAction\":[{\"@type\":\"ReadAction\",\"target\":[\"https:\\\/\\\/www.amritnam.com\\\/fr\\\/product\\\/cure-ayurvedic-dhiver\\\/\"]}]},{\"@type\":\"ImageObject\",\"inLanguage\":\"fr-FR\",\"@id\":\"https:\\\/\\\/www.amritnam.com\\\/fr\\\/product\\\/cure-ayurvedic-dhiver\\\/#primaryimage\",\"url\":\"https:\\\/\\\/www.amritnam.com\\\/fr\\\/wp-content\\\/uploads\\\/sites\\\/2\\\/2022\\\/04\\\/img-1401-2-scaled-1.jpg\",\"contentUrl\":\"https:\\\/\\\/www.amritnam.com\\\/fr\\\/wp-content\\\/uploads\\\/sites\\\/2\\\/2022\\\/04\\\/img-1401-2-scaled-1.jpg\",\"width\":2560,\"height\":1920},{\"@type\":\"BreadcrumbList\",\"@id\":\"https:\\\/\\\/www.amritnam.com\\\/fr\\\/product\\\/cure-ayurvedic-dhiver\\\/#breadcrumb\",\"itemListElement\":[{\"@type\":\"ListItem\",\"position\":1,\"name\":\"Home\",\"item\":\"https:\\\/\\\/www.amritnam.com\\\/fr\\\/\"},{\"@type\":\"ListItem\",\"position\":2,\"name\":\"Shop\",\"item\":\"https:\\\/\\\/www.amritnam.com\\\/fr\\\/shop\\\/\"},{\"@type\":\"ListItem\",\"position\":3,\"name\":\"Cure Ayurvedic d&#8217;Hiver\"}]},{\"@type\":\"WebSite\",\"@id\":\"https:\\\/\\\/www.amritnam.com\\\/fr\\\/#website\",\"url\":\"https:\\\/\\\/www.amritnam.com\\\/fr\\\/\",\"name\":\"ANS FR\",\"description\":\"Amrit Nam Sarovar \u2013 International Kundalini Yoga School\",\"potentialAction\":[{\"@type\":\"SearchAction\",\"target\":{\"@type\":\"EntryPoint\",\"urlTemplate\":\"https:\\\/\\\/www.amritnam.com\\\/fr\\\/?s={search_term_string}\"},\"query-input\":{\"@type\":\"PropertyValueSpecification\",\"valueRequired\":true,\"valueName\":\"search_term_string\"}}],\"inLanguage\":\"fr-FR\"}]}<\/script>\n<!-- \/ Yoast SEO plugin. -->","yoast_head_json":{"title":"Cure Ayurvedic d'Hiver - ANS FR","robots":{"index":"index","follow":"follow","max-snippet":"max-snippet:-1","max-image-preview":"max-image-preview:large","max-video-preview":"max-video-preview:-1"},"canonical":"https:\/\/www.amritnam.com\/fr\/product\/cure-ayurvedic-dhiver\/","og_locale":"fr_FR","og_type":"article","og_title":"Cure Ayurvedic d'Hiver - ANS FR","og_description":"14 - 21\u00a0Nov\u00a02026 | au\u00a0Martinet","og_url":"https:\/\/www.amritnam.com\/fr\/product\/cure-ayurvedic-dhiver\/","og_site_name":"ANS FR","article_modified_time":"2026-03-25T16:53:13+00:00","og_image":[{"width":2560,"height":1920,"url":"https:\/\/www.amritnam.com\/fr\/wp-content\/uploads\/sites\/2\/2022\/04\/img-1401-2-scaled-1.jpg","type":"image\/jpeg"}],"twitter_card":"summary_large_image","twitter_misc":{"Dur\u00e9e de lecture estim\u00e9e":"3 minutes"},"schema":{"@context":"https:\/\/schema.org","@graph":[{"@type":"WebPage","@id":"https:\/\/www.amritnam.com\/fr\/product\/cure-ayurvedic-dhiver\/","url":"https:\/\/www.amritnam.com\/fr\/product\/cure-ayurvedic-dhiver\/","name":"Cure Ayurvedic d'Hiver - ANS FR","isPartOf":{"@id":"https:\/\/www.amritnam.com\/fr\/#website"},"primaryImageOfPage":{"@id":"https:\/\/www.amritnam.com\/fr\/product\/cure-ayurvedic-dhiver\/#primaryimage"},"image":{"@id":"https:\/\/www.amritnam.com\/fr\/product\/cure-ayurvedic-dhiver\/#primaryimage"},"thumbnailUrl":"https:\/\/www.amritnam.com\/fr\/wp-content\/uploads\/sites\/2\/2022\/04\/img-1401-2-scaled-1.jpg","datePublished":"2022-04-19T08:41:12+00:00","dateModified":"2026-03-25T16:53:13+00:00","breadcrumb":{"@id":"https:\/\/www.amritnam.com\/fr\/product\/cure-ayurvedic-dhiver\/#breadcrumb"},"inLanguage":"fr-FR","potentialAction":[{"@type":"ReadAction","target":["https:\/\/www.amritnam.com\/fr\/product\/cure-ayurvedic-dhiver\/"]}]},{"@type":"ImageObject","inLanguage":"fr-FR","@id":"https:\/\/www.amritnam.com\/fr\/product\/cure-ayurvedic-dhiver\/#primaryimage","url":"https:\/\/www.amritnam.com\/fr\/wp-content\/uploads\/sites\/2\/2022\/04\/img-1401-2-scaled-1.jpg","contentUrl":"https:\/\/www.amritnam.com\/fr\/wp-content\/uploads\/sites\/2\/2022\/04\/img-1401-2-scaled-1.jpg","width":2560,"height":1920},{"@type":"BreadcrumbList","@id":"https:\/\/www.amritnam.com\/fr\/product\/cure-ayurvedic-dhiver\/#breadcrumb","itemListElement":[{"@type":"ListItem","position":1,"name":"Home","item":"https:\/\/www.amritnam.com\/fr\/"},{"@type":"ListItem","position":2,"name":"Shop","item":"https:\/\/www.amritnam.com\/fr\/shop\/"},{"@type":"ListItem","position":3,"name":"Cure Ayurvedic d&#8217;Hiver"}]},{"@type":"WebSite","@id":"https:\/\/www.amritnam.com\/fr\/#website","url":"https:\/\/www.amritnam.com\/fr\/","name":"ANS FR","description":"Amrit Nam Sarovar \u2013 International Kundalini Yoga School","potentialAction":[{"@type":"SearchAction","target":{"@type":"EntryPoint","urlTemplate":"https:\/\/www.amritnam.com\/fr\/?s={search_term_string}"},"query-input":{"@type":"PropertyValueSpecification","valueRequired":true,"valueName":"search_term_string"}}],"inLanguage":"fr-FR"}]}},"_links":{"self":[{"href":"https:\/\/www.amritnam.com\/fr\/wp-json\/wp\/v2\/product\/1827","targetHints":{"allow":["GET"]}}],"collection":[{"href":"https:\/\/www.amritnam.com\/fr\/wp-json\/wp\/v2\/product"}],"about":[{"href":"https:\/\/www.amritnam.com\/fr\/wp-json\/wp\/v2\/types\/product"}],"wp:featuredmedia":[{"embeddable":true,"href":"https:\/\/www.amritnam.com\/fr\/wp-json\/wp\/v2\/media\/1664"}],"wp:attachment":[{"href":"https:\/\/www.amritnam.com\/fr\/wp-json\/wp\/v2\/media?parent=1827"}],"wp:term":[{"taxonomy":"product_brand","embeddable":true,"href":"https:\/\/www.amritnam.com\/fr\/wp-json\/wp\/v2\/product_brand?post=1827"},{"taxonomy":"product_cat","embeddable":true,"href":"https:\/\/www.amritnam.com\/fr\/wp-json\/wp\/v2\/product_cat?post=1827"},{"taxonomy":"product_tag","embeddable":true,"href":"https:\/\/www.amritnam.com\/fr\/wp-json\/wp\/v2\/product_tag?post=1827"}],"curies":[{"name":"wp","href":"https:\/\/api.w.org\/{rel}","templated":true}]}}