{"id":1969,"date":"2022-04-20T16:18:04","date_gmt":"2022-04-20T14:18:04","guid":{"rendered":"https:\/\/www.amritnam.com\/?post_type=product&#038;p=1969"},"modified":"2026-02-19T12:45:56","modified_gmt":"2026-02-19T11:45:56","slug":"kundalini-update","status":"publish","type":"product","link":"https:\/\/www.amritnam.com\/fr\/product\/kundalini-update\/","title":{"rendered":"Kundalini Update"},"content":{"rendered":"\n<h2 class=\"wp-block-heading alignwide has-text-align-center is-style-script-headline\">De nouveaux Kriyas pour le nouveau Temps<\/h2>\n\n\n\n<figure class=\"wp-block-image size-large is-style-clipped\"><img loading=\"lazy\" decoding=\"async\" width=\"1024\" height=\"589\" src=\"https:\/\/www.amritnam.com\/fr\/wp-content\/uploads\/sites\/2\/2022\/04\/bildschirmfoto-2025-08-07-um-132516-1024x589.png\" alt=\"\" class=\"wp-image-5967\" srcset=\"https:\/\/www.amritnam.com\/fr\/wp-content\/uploads\/sites\/2\/2022\/04\/bildschirmfoto-2025-08-07-um-132516-1024x589.png 1024w, https:\/\/www.amritnam.com\/fr\/wp-content\/uploads\/sites\/2\/2022\/04\/bildschirmfoto-2025-08-07-um-132516-360x207.png 360w, https:\/\/www.amritnam.com\/fr\/wp-content\/uploads\/sites\/2\/2022\/04\/bildschirmfoto-2025-08-07-um-132516-768x442.png 768w, https:\/\/www.amritnam.com\/fr\/wp-content\/uploads\/sites\/2\/2022\/04\/bildschirmfoto-2025-08-07-um-132516-1536x884.png 1536w, https:\/\/www.amritnam.com\/fr\/wp-content\/uploads\/sites\/2\/2022\/04\/bildschirmfoto-2025-08-07-um-132516-2048x1178.png 2048w, https:\/\/www.amritnam.com\/fr\/wp-content\/uploads\/sites\/2\/2022\/04\/bildschirmfoto-2025-08-07-um-132516-600x345.png 600w\" sizes=\"auto, (max-width: 1024px) 100vw, 1024px\" \/><\/figure>\n\n\n\n<h2 class=\"wp-block-heading\">Le temps a chang\u00e9. L&#8217;ancien est parti. Il ne reviendra jamais<\/h2>\n\n\n\n<p class=\"has-intro-font-size\">Kundalini Update est une s\u00e9rie de 3 nouveaux kriyas enseign\u00e9s par Satyavrati Yogi tous les 3 mois.<\/p>\n\n\n\n<p class=\"has-small-font-size\">Ils n&#8217;ont jamais \u00e9t\u00e9 enseign\u00e9s auparavant et sont destin\u00e9s \u00e0 \u00eatre utilis\u00e9s pour relever le d\u00e9fi du temps maintenant. En tant qu&#8217;enseignant ANS, nous vous recommandons vivement d&#8217;enseigner ces kriyas dans vos cours hebdomadaires.<br><\/p>\n\n\n\n<p><strong>PROCHAINE DATE<\/strong><br>Dimanche 12 Avril 2026, 13h-17h CEST (heure de Paris)<\/p>\n\n\n\n<p><strong>EMPLACEMENT<\/strong><br>En ligne (sur Zoom)<br>Nous vous enverrons le lien 30 minutes avant le d\u00e9but du cours.<\/p>\n\n\n\n<p><strong>CO\u00dbT<\/strong><br>Inscription anticip\u00e9e jusqu&#8217;au 4 Avril\u00a0| 36\u20ac<br>Prix r\u00e9gulier \u00e0 partir du 5 Avril | 47\u20ac<\/p>\n\n\n\n<div class=\"wp-block-buttons is-content-justification-center is-layout-flex wp-container-core-buttons-is-layout-16018d1d wp-block-buttons-is-layout-flex\">\n<div class=\"wp-block-button\"><a class=\"wp-block-button__link wp-element-button\" href=\"https:\/\/amritnam.kartra.com\/page\/Oxs31\">Inscrivez-vous \u00e0 KUNDALINI UPDATE<\/a><\/div>\n<\/div>\n","protected":false},"excerpt":{"rendered":"<p><strong>12 Avril 2026: 13\u201317h<\/strong><\/p>\n","protected":false},"featured_media":5967,"template":"","meta":{"_acf_changed":true},"product_brand":[],"product_cat":[106,123],"product_tag":[100],"class_list":{"0":"post-1969","1":"product","2":"type-product","3":"status-publish","4":"has-post-thumbnail","6":"product_cat-evenements","7":"product_cat-ecole-de-yoga-en-ligne","8":"product_tag-online","9":"has-thumbnail","10":"is-shop-event","12":"first","13":"outofstock","14":"virtual","15":"taxable","16":"purchasable","17":"product-type-simple"},"bundled_by":[],"bundle_stock_status":"outofstock","bundle_stock_quantity":0,"bundle_virtual":false,"bundle_layout":"","bundle_add_to_cart_form_location":"","bundle_editable_in_cart":false,"bundle_sold_individually_context":"","bundle_item_grouping":"","bundle_min_size":"","bundle_max_size":"","bundle_price":[],"bundled_items":[],"bundle_sell_ids":[],"acf":[],"yoast_head":"<!-- This site is optimized with the Yoast SEO plugin v27.3 - https:\/\/yoast.com\/product\/yoast-seo-wordpress\/ -->\n<title>Kundalini Update - ANS FR<\/title>\n<meta name=\"robots\" content=\"index, follow, max-snippet:-1, max-image-preview:large, max-video-preview:-1\" \/>\n<link rel=\"canonical\" href=\"https:\/\/www.amritnam.com\/fr\/product\/kundalini-update\/\" \/>\n<meta property=\"og:locale\" content=\"fr_FR\" \/>\n<meta property=\"og:type\" content=\"article\" \/>\n<meta property=\"og:title\" content=\"Kundalini Update - ANS FR\" \/>\n<meta property=\"og:description\" content=\"12 Avril 2026: 13\u201317h\" \/>\n<meta property=\"og:url\" content=\"https:\/\/www.amritnam.com\/fr\/product\/kundalini-update\/\" \/>\n<meta property=\"og:site_name\" content=\"ANS FR\" \/>\n<meta property=\"article:modified_time\" content=\"2026-02-19T11:45:56+00:00\" \/>\n<meta property=\"og:image\" content=\"https:\/\/www.amritnam.com\/fr\/wp-content\/uploads\/sites\/2\/2022\/04\/bildschirmfoto-2025-08-07-um-132516-1024x589.png\" \/>\n\t<meta property=\"og:image:width\" content=\"1024\" \/>\n\t<meta property=\"og:image:height\" content=\"589\" \/>\n\t<meta property=\"og:image:type\" content=\"image\/png\" \/>\n<meta name=\"twitter:card\" content=\"summary_large_image\" \/>\n<meta name=\"twitter:label1\" content=\"Dur\u00e9e de lecture estim\u00e9e\" \/>\n\t<meta name=\"twitter:data1\" content=\"2 minutes\" \/>\n<script type=\"application\/ld+json\" class=\"yoast-schema-graph\">{\"@context\":\"https:\\\/\\\/schema.org\",\"@graph\":[{\"@type\":\"WebPage\",\"@id\":\"https:\\\/\\\/www.amritnam.com\\\/fr\\\/product\\\/kundalini-update\\\/\",\"url\":\"https:\\\/\\\/www.amritnam.com\\\/fr\\\/product\\\/kundalini-update\\\/\",\"name\":\"Kundalini Update - ANS FR\",\"isPartOf\":{\"@id\":\"https:\\\/\\\/www.amritnam.com\\\/fr\\\/#website\"},\"primaryImageOfPage\":{\"@id\":\"https:\\\/\\\/www.amritnam.com\\\/fr\\\/product\\\/kundalini-update\\\/#primaryimage\"},\"image\":{\"@id\":\"https:\\\/\\\/www.amritnam.com\\\/fr\\\/product\\\/kundalini-update\\\/#primaryimage\"},\"thumbnailUrl\":\"https:\\\/\\\/www.amritnam.com\\\/fr\\\/wp-content\\\/uploads\\\/sites\\\/2\\\/2022\\\/04\\\/bildschirmfoto-2025-08-07-um-132516.png\",\"datePublished\":\"2022-04-20T14:18:04+00:00\",\"dateModified\":\"2026-02-19T11:45:56+00:00\",\"breadcrumb\":{\"@id\":\"https:\\\/\\\/www.amritnam.com\\\/fr\\\/product\\\/kundalini-update\\\/#breadcrumb\"},\"inLanguage\":\"fr-FR\",\"potentialAction\":[{\"@type\":\"ReadAction\",\"target\":[\"https:\\\/\\\/www.amritnam.com\\\/fr\\\/product\\\/kundalini-update\\\/\"]}]},{\"@type\":\"ImageObject\",\"inLanguage\":\"fr-FR\",\"@id\":\"https:\\\/\\\/www.amritnam.com\\\/fr\\\/product\\\/kundalini-update\\\/#primaryimage\",\"url\":\"https:\\\/\\\/www.amritnam.com\\\/fr\\\/wp-content\\\/uploads\\\/sites\\\/2\\\/2022\\\/04\\\/bildschirmfoto-2025-08-07-um-132516.png\",\"contentUrl\":\"https:\\\/\\\/www.amritnam.com\\\/fr\\\/wp-content\\\/uploads\\\/sites\\\/2\\\/2022\\\/04\\\/bildschirmfoto-2025-08-07-um-132516.png\",\"width\":2124,\"height\":1222},{\"@type\":\"BreadcrumbList\",\"@id\":\"https:\\\/\\\/www.amritnam.com\\\/fr\\\/product\\\/kundalini-update\\\/#breadcrumb\",\"itemListElement\":[{\"@type\":\"ListItem\",\"position\":1,\"name\":\"Home\",\"item\":\"https:\\\/\\\/www.amritnam.com\\\/fr\\\/\"},{\"@type\":\"ListItem\",\"position\":2,\"name\":\"Shop\",\"item\":\"https:\\\/\\\/www.amritnam.com\\\/fr\\\/shop\\\/\"},{\"@type\":\"ListItem\",\"position\":3,\"name\":\"Kundalini Update\"}]},{\"@type\":\"WebSite\",\"@id\":\"https:\\\/\\\/www.amritnam.com\\\/fr\\\/#website\",\"url\":\"https:\\\/\\\/www.amritnam.com\\\/fr\\\/\",\"name\":\"ANS FR\",\"description\":\"Amrit Nam Sarovar \u2013 International Kundalini Yoga School\",\"potentialAction\":[{\"@type\":\"SearchAction\",\"target\":{\"@type\":\"EntryPoint\",\"urlTemplate\":\"https:\\\/\\\/www.amritnam.com\\\/fr\\\/?s={search_term_string}\"},\"query-input\":{\"@type\":\"PropertyValueSpecification\",\"valueRequired\":true,\"valueName\":\"search_term_string\"}}],\"inLanguage\":\"fr-FR\"}]}<\/script>\n<!-- \/ Yoast SEO plugin. -->","yoast_head_json":{"title":"Kundalini Update - ANS FR","robots":{"index":"index","follow":"follow","max-snippet":"max-snippet:-1","max-image-preview":"max-image-preview:large","max-video-preview":"max-video-preview:-1"},"canonical":"https:\/\/www.amritnam.com\/fr\/product\/kundalini-update\/","og_locale":"fr_FR","og_type":"article","og_title":"Kundalini Update - ANS FR","og_description":"12 Avril 2026: 13\u201317h","og_url":"https:\/\/www.amritnam.com\/fr\/product\/kundalini-update\/","og_site_name":"ANS FR","article_modified_time":"2026-02-19T11:45:56+00:00","og_image":[{"width":1024,"height":589,"url":"https:\/\/www.amritnam.com\/fr\/wp-content\/uploads\/sites\/2\/2022\/04\/bildschirmfoto-2025-08-07-um-132516-1024x589.png","type":"image\/png"}],"twitter_card":"summary_large_image","twitter_misc":{"Dur\u00e9e de lecture estim\u00e9e":"2 minutes"},"schema":{"@context":"https:\/\/schema.org","@graph":[{"@type":"WebPage","@id":"https:\/\/www.amritnam.com\/fr\/product\/kundalini-update\/","url":"https:\/\/www.amritnam.com\/fr\/product\/kundalini-update\/","name":"Kundalini Update - ANS FR","isPartOf":{"@id":"https:\/\/www.amritnam.com\/fr\/#website"},"primaryImageOfPage":{"@id":"https:\/\/www.amritnam.com\/fr\/product\/kundalini-update\/#primaryimage"},"image":{"@id":"https:\/\/www.amritnam.com\/fr\/product\/kundalini-update\/#primaryimage"},"thumbnailUrl":"https:\/\/www.amritnam.com\/fr\/wp-content\/uploads\/sites\/2\/2022\/04\/bildschirmfoto-2025-08-07-um-132516.png","datePublished":"2022-04-20T14:18:04+00:00","dateModified":"2026-02-19T11:45:56+00:00","breadcrumb":{"@id":"https:\/\/www.amritnam.com\/fr\/product\/kundalini-update\/#breadcrumb"},"inLanguage":"fr-FR","potentialAction":[{"@type":"ReadAction","target":["https:\/\/www.amritnam.com\/fr\/product\/kundalini-update\/"]}]},{"@type":"ImageObject","inLanguage":"fr-FR","@id":"https:\/\/www.amritnam.com\/fr\/product\/kundalini-update\/#primaryimage","url":"https:\/\/www.amritnam.com\/fr\/wp-content\/uploads\/sites\/2\/2022\/04\/bildschirmfoto-2025-08-07-um-132516.png","contentUrl":"https:\/\/www.amritnam.com\/fr\/wp-content\/uploads\/sites\/2\/2022\/04\/bildschirmfoto-2025-08-07-um-132516.png","width":2124,"height":1222},{"@type":"BreadcrumbList","@id":"https:\/\/www.amritnam.com\/fr\/product\/kundalini-update\/#breadcrumb","itemListElement":[{"@type":"ListItem","position":1,"name":"Home","item":"https:\/\/www.amritnam.com\/fr\/"},{"@type":"ListItem","position":2,"name":"Shop","item":"https:\/\/www.amritnam.com\/fr\/shop\/"},{"@type":"ListItem","position":3,"name":"Kundalini Update"}]},{"@type":"WebSite","@id":"https:\/\/www.amritnam.com\/fr\/#website","url":"https:\/\/www.amritnam.com\/fr\/","name":"ANS FR","description":"Amrit Nam Sarovar \u2013 International Kundalini Yoga School","potentialAction":[{"@type":"SearchAction","target":{"@type":"EntryPoint","urlTemplate":"https:\/\/www.amritnam.com\/fr\/?s={search_term_string}"},"query-input":{"@type":"PropertyValueSpecification","valueRequired":true,"valueName":"search_term_string"}}],"inLanguage":"fr-FR"}]}},"_links":{"self":[{"href":"https:\/\/www.amritnam.com\/fr\/wp-json\/wp\/v2\/product\/1969","targetHints":{"allow":["GET"]}}],"collection":[{"href":"https:\/\/www.amritnam.com\/fr\/wp-json\/wp\/v2\/product"}],"about":[{"href":"https:\/\/www.amritnam.com\/fr\/wp-json\/wp\/v2\/types\/product"}],"wp:featuredmedia":[{"embeddable":true,"href":"https:\/\/www.amritnam.com\/fr\/wp-json\/wp\/v2\/media\/5967"}],"wp:attachment":[{"href":"https:\/\/www.amritnam.com\/fr\/wp-json\/wp\/v2\/media?parent=1969"}],"wp:term":[{"taxonomy":"product_brand","embeddable":true,"href":"https:\/\/www.amritnam.com\/fr\/wp-json\/wp\/v2\/product_brand?post=1969"},{"taxonomy":"product_cat","embeddable":true,"href":"https:\/\/www.amritnam.com\/fr\/wp-json\/wp\/v2\/product_cat?post=1969"},{"taxonomy":"product_tag","embeddable":true,"href":"https:\/\/www.amritnam.com\/fr\/wp-json\/wp\/v2\/product_tag?post=1969"}],"curies":[{"name":"wp","href":"https:\/\/api.w.org\/{rel}","templated":true}]}}