{"id":6030,"date":"2025-09-22T12:39:22","date_gmt":"2025-09-22T10:39:22","guid":{"rendered":"https:\/\/www.amritnam.com\/fr\/?post_type=product&#038;p=6030"},"modified":"2025-09-22T13:29:48","modified_gmt":"2025-09-22T11:29:48","slug":"niveau-1-le-martinet-immersion","status":"publish","type":"product","link":"https:\/\/www.amritnam.com\/fr\/product\/niveau-1-le-martinet-immersion\/","title":{"rendered":"Niveau 1 Le Martinet Immersion"},"content":{"rendered":"\n<p class=\"has-text-align-center\"><\/p>\n\n\n\n<div style=\"height:30px\" aria-hidden=\"true\" class=\"wp-block-spacer\"><\/div>\n\n\n\n<h1 class=\"wp-block-heading alignwide has-text-align-center is-style-script-headline\">L\u2019\u00e9veil au vrai soi<\/h1>\n\n\n\n<h4 class=\"wp-block-heading has-text-align-center\">Formation de professeur de Kundalini Yoga au Martinet <\/h4>\n\n\n\n<h4 class=\"wp-block-heading has-text-align-center\">20 Juin &#8211; 12 Juliet 2026<\/h4>\n\n\n\n<blockquote class=\"wp-block-quote has-text-align-center is-layout-flow wp-block-quote-is-layout-flow\">\n<p>LORSQUE VOUS VENEZ \u00c0 NOS FORMATIONS, INVESTISSEZ VOTRE CURIOSIT\u00c9, VOTRE EXCITATION ET VOTRE PERS\u00c9V\u00c9RANCE. IL VOUS GARANTIT UNE R\u00c9COLTE ABONDANTE.<\/p>\n<cite>SATYAVRATI YOGI<\/cite><\/blockquote>\n\n\n\n<figure class=\"wp-block-image size-large is-style-clipped\"><img loading=\"lazy\" decoding=\"async\" width=\"1024\" height=\"1024\" src=\"https:\/\/www.amritnam.com\/fr\/wp-content\/uploads\/sites\/2\/2025\/09\/photo-2025-07-14-16-34-55-3-1024x1024.jpg\" alt=\"\" class=\"wp-image-6031\" srcset=\"https:\/\/www.amritnam.com\/fr\/wp-content\/uploads\/sites\/2\/2025\/09\/photo-2025-07-14-16-34-55-3-1024x1024.jpg 1024w, https:\/\/www.amritnam.com\/fr\/wp-content\/uploads\/sites\/2\/2025\/09\/photo-2025-07-14-16-34-55-3-360x360.jpg 360w, https:\/\/www.amritnam.com\/fr\/wp-content\/uploads\/sites\/2\/2025\/09\/photo-2025-07-14-16-34-55-3-150x150.jpg 150w, https:\/\/www.amritnam.com\/fr\/wp-content\/uploads\/sites\/2\/2025\/09\/photo-2025-07-14-16-34-55-3-768x768.jpg 768w, https:\/\/www.amritnam.com\/fr\/wp-content\/uploads\/sites\/2\/2025\/09\/photo-2025-07-14-16-34-55-3-300x300.jpg 300w, https:\/\/www.amritnam.com\/fr\/wp-content\/uploads\/sites\/2\/2025\/09\/photo-2025-07-14-16-34-55-3-600x600.jpg 600w, https:\/\/www.amritnam.com\/fr\/wp-content\/uploads\/sites\/2\/2025\/09\/photo-2025-07-14-16-34-55-3-100x100.jpg 100w, https:\/\/www.amritnam.com\/fr\/wp-content\/uploads\/sites\/2\/2025\/09\/photo-2025-07-14-16-34-55-3.jpg 1536w\" sizes=\"auto, (max-width: 1024px) 100vw, 1024px\" \/><\/figure>\n\n\n\n<div style=\"height:60px\" aria-hidden=\"true\" class=\"wp-block-spacer\"><\/div>\n\n\n\n<div class=\"wp-block-group alignwide has-blue-20-background-color has-background is-layout-flow wp-block-group-is-layout-flow\" id=\"details\">\n<div style=\"height:10px\" aria-hidden=\"true\" class=\"wp-block-spacer\"><\/div>\n\n\n\n<h2 class=\"wp-block-heading has-text-align-center has-blue-color has-text-color\">La Formation d&#8217;Enseignant d&#8217;\u00c9veil ANS Niveau 1 au Martinet<\/h2>\n\n\n\n<p class=\"has-text-align-center has-intro-font-size\">Le niveau\u00a01 est structur\u00e9 en 7\u00a0chapitres. Sept est un nombre cl\u00e9 pour la conscience et la transmutation.<\/p>\n\n\n\n<div style=\"height:10px\" aria-hidden=\"true\" class=\"wp-block-spacer\"><\/div>\n<\/div>\n\n\n\n<div class=\"wp-block-columns alignwide has-blue-20-background-color has-background is-layout-flex wp-container-core-columns-is-layout-9d6595d7 wp-block-columns-is-layout-flex\">\n<div class=\"wp-block-column has-blue-20-background-color has-background is-layout-flow wp-block-column-is-layout-flow\">\n<h3 class=\"wp-block-heading has-blue-color has-text-color\">Module 1&nbsp;<\/h3>\n\n\n\n<p class=\"has-text-align-center is-style-sans-serif\"><strong>Le module 1 est un cours d&#8217;orientation pour initier le processus de transformation et d\u00e9couvrir les fondements du Kundalini Yoga.<\/strong><\/p>\n\n\n\n<h5 class=\"wp-block-heading has-text-align-center is-style-default\">Contenu<\/h5>\n\n\n\n<ul class=\"wp-block-list\">\n<li>Pratique d&#8217;une Sadhana personnelle<\/li>\n\n\n\n<li>Num\u00e9rologie<\/li>\n\n\n\n<li>G\u00e9om\u00e9trie sacr\u00e9e<\/li>\n\n\n\n<li>La structure de la physiologie orientale dans le yoga :<\/li>\n\n\n\n<li>3 Gunas, 5 Tattvas, 7 rayons, 7 corps, 7 chakras<\/li>\n\n\n\n<li>Vie et comportements yogiques<\/li>\n\n\n\n<li>La loi de l&#8217;action (Karma et Dharma)<\/li>\n\n\n\n<li>Gu\u00e9rison yogique (Ayurveda, Tantra)<\/li>\n<\/ul>\n<\/div>\n\n\n\n<div class=\"wp-block-column has-blue-20-background-color has-background is-layout-flow wp-block-column-is-layout-flow\">\n<h3 class=\"wp-block-heading has-blue-color has-text-color\">Module 2<\/h3>\n\n\n\n<p class=\"has-text-align-center is-style-sans-serif\"><strong>Le module 2 est une int\u00e9gration de la fa\u00e7on d&#8217;acc\u00e9der \u00e0 votre chemin spirituel dans notre monde moderne et donne des outils pour transformer la vie.<\/strong><\/p>\n\n\n\n<h5 class=\"wp-block-heading has-text-align-center is-style-default\">Contenu<\/h5>\n\n\n\n<ul class=\"wp-block-list\">\n<li>pleine conscience<\/li>\n\n\n\n<li>Entrer et enseigner les Kriyas<\/li>\n\n\n\n<li>Pratiquer et enseigner la m\u00e9ditation<\/li>\n\n\n\n<li>Mantra et Naad Yoga<\/li>\n\n\n\n<li>8 branches du yoga (Patanjali)<\/li>\n\n\n\n<li>Application de Western Anatomy &amp; Physiology au yoga&nbsp;<\/li>\n\n\n\n<li>Nutrition et style de vie yogique<\/li>\n\n\n\n<li>\u00c9tapes d&#8217;un chemin spirituel<\/li>\n\n\n\n<li>Guru Yoga<\/li>\n\n\n\n<li>La relation \u00e9l\u00e8ve-professeur<\/li>\n<\/ul>\n<\/div>\n\n\n\n<div class=\"wp-block-column has-blue-20-background-color has-background is-layout-flow wp-block-column-is-layout-flow\">\n<h3 class=\"wp-block-heading has-blue-color has-text-color\">Module 3<\/h3>\n\n\n\n<p class=\"has-text-align-center is-style-sans-serif\"><strong>Le module 3 est un rassemblement international de tous les \u00e9tudiants et enseignants europ\u00e9ens de la formation ANS Eveil Niveau 1 au Martinet.<\/strong><\/p>\n\n\n\n<h5 class=\"wp-block-heading has-text-align-center is-style-default\">Contenu<\/h5>\n\n\n\n<p class=\"has-text-align-center is-style-default\">Cette semaine sp\u00e9ciale sera une exp\u00e9rience pratique tantrique et chamanique de purification \u00e0 travers la dynamique des cinq Tattvas (\u00e9l\u00e9ments).<\/p>\n\n\n\n<h5 class=\"wp-block-heading has-text-align-center is-style-default\">C&#8217;est une immersion de 7 jours dans la nature.<\/h5>\n<\/div>\n<\/div>\n\n\n\n<div class=\"wp-block-group alignwide has-blue-20-background-color has-background is-layout-flow wp-block-group-is-layout-flow\">\n<h4 class=\"wp-block-heading has-text-align-center is-style-default has-blue-color has-text-color\">La formation des enseignants d&#8217;\u00e9veil ANS est con\u00e7ue pour<\/h4>\n\n\n\n<ul class=\"wp-block-list\">\n<li>Tous les \u00e9tudiants de Kundalini Yoga<\/li>\n\n\n\n<li>Tous les \u00e9tudiants des autres \u00e9coles de yoga<\/li>\n\n\n\n<li>Tous les professeurs des autres \u00e9coles de yoga<\/li>\n\n\n\n<li>Tous ceux qui recherchent un d\u00e9veloppement personnel<\/li>\n<\/ul>\n\n\n\n<h4 class=\"wp-block-heading has-text-align-center is-style-default has-blue-color has-text-color\">Exigences de certification<\/h4>\n\n\n\n<ul class=\"wp-block-list\">\n<li>Participation \u00e0 tous les cours<\/li>\n\n\n\n<li>Participation \u00e0 tous les groupes de mentors (en ligne et en personne)<\/li>\n\n\n\n<li>Pratique de 7 Kriyas de 40 jours (dont 1 Sadhana de 40 jours)<\/li>\n\n\n\n<li>\u00c9valuation finale approuv\u00e9e par le formateur mentor<\/li>\n\n\n\n<li>Participation soit \u00e0 40 heures de m\u00e9ditation Brahm Kvach soit \u00e0 3 jours de Unique Life Tantra au Martinet Yoga Festival<\/li>\n\n\n\n<li>Paiement int\u00e9gral des frais de formation<\/li>\n<\/ul>\n\n\n\n<div style=\"height:30px\" aria-hidden=\"true\" class=\"wp-block-spacer\"><\/div>\n<\/div>\n\n\n\n<div class=\"wp-block-group alignwide has-blue-20-background-color has-background is-layout-flow wp-block-group-is-layout-flow\">\n<h2 class=\"wp-block-heading has-text-align-center has-blue-color has-text-color\">Dates pour 2026<\/h2>\n\n\n\n<div class=\"wp-block-columns alignwide is-layout-flex wp-container-core-columns-is-layout-9d6595d7 wp-block-columns-is-layout-flex\">\n<div class=\"wp-block-column is-layout-flow wp-block-column-is-layout-flow\">\n<h4 class=\"wp-block-heading has-text-align-center is-style-default has-blue-color has-text-color\">Sat 20 Juin \u2013 Sun 12 Juliet 2026<\/h4>\n<\/div>\n<\/div>\n\n\n\n<h4 class=\"wp-block-heading has-text-align-center has-blue-color has-text-color\"><strong>Pour tous les modules&nbsp;: <\/strong><\/h4>\n\n\n\n<p class=\"has-text-align-center is-style-sans-serif has-black-color has-text-color\">Heure d&#8217;arriv\u00e9e Le programme de 17h commence \u00e0 19h30 le jour de l&#8217;arriv\u00e9e.<\/p>\n\n\n\n<p class=\"has-text-align-center is-style-sans-serif has-black-color has-text-color\">Le programme se termine apr\u00e8s la Sadhana le jour du d\u00e9part (8h).<\/p>\n<\/div>\n\n\n\n<div class=\"wp-block-group alignwide has-blue-20-background-color has-background is-layout-flow wp-block-group-is-layout-flow\">\n<h4 class=\"wp-block-heading has-text-align-center is-style-default has-blue-color has-text-color\">D\u00e9tails<\/h4>\n\n\n\n<p class=\"has-intro-font-size\">Le prix du programme complet est de 3 400 \u20ac (TVA incluse)<\/p>\n\n\n\n<h5 class=\"wp-block-heading\">SUPER R\u00c9DUCTION Early Bird 2.950\u20ac (TVA incluse) jusqu&#8217;au 31 d\u00e9cembre 2025<\/h5>\n\n\n\n<p class=\"is-style-sans-serif\">Inclus dans le prix sont les frais d&#8217;enseignement et la nourriture.<\/p>\n\n\n\n<p class=\"is-style-sans-serif\">Pour les deux premi\u00e8res semaines, nous proposons les cat\u00e9gories de chambres suivantes. Pour la semaine 3 (semaine d&#8217;immersion), l&#8217;h\u00e9bergement dans un dortoir sous tente ou dans votre propre tente est obligatoire :<\/p>\n\n\n\n<figure class=\"wp-block-table is-style-bordered-bottom\"><table><tbody><tr><td>Chambre simple avec salle de bain partag\u00e9e<\/td><td class=\"has-text-align-right\" data-align=\"right\">55 \u20ac | nuit<\/td><\/tr><tr><td>Chambre individuelle avec douche<\/td><td class=\"has-text-align-right\" data-align=\"right\">65 \u20ac | nuit<\/td><\/tr><tr><td>Lit en chambre double avec salle de bain<\/td><td class=\"has-text-align-right\" data-align=\"right\">45 \u20ac | nuit<\/td><\/tr><tr><td>Lit en dortoir<\/td><td class=\"has-text-align-right\" data-align=\"right\">25 \u20ac | nuit<\/td><\/tr><tr><td>Lit en dortoir sous tente<\/td><td class=\"has-text-align-right\" data-align=\"right\">15 \u20ac | nuit<\/td><\/tr><tr><td>Vous dormez dans votre propre tente<\/td><td class=\"has-text-align-right\" data-align=\"right\">0 \u20ac | nuit<\/td><\/tr><\/tbody><\/table><\/figure>\n\n\n\n<h4 class=\"wp-block-heading has-blue-color has-text-color\">Prenez votre d\u00e9cision<\/h4>\n\n\n\n<div class=\"alignleft\"><\/div>\n<\/div>\n","protected":false},"excerpt":{"rendered":"<p><strong>20 Juin &#8211; 12 Juliet 2026 | au Martinet<\/strong><\/p>\n","protected":false},"featured_media":6031,"template":"","meta":{"_acf_changed":true},"product_brand":[],"product_cat":[119,120,106],"product_tag":[121,118],"class_list":{"0":"post-6030","1":"product","2":"type-product","3":"status-publish","4":"has-post-thumbnail","6":"product_cat-teacher-training","7":"product_cat-level-1","8":"product_cat-evenements","9":"product_tag-kundalini","10":"product_tag-ayurveda","11":"has-thumbnail","12":"is-shop-event","14":"first","15":"instock","16":"virtual","17":"taxable","18":"purchasable","19":"product-type-bundle"},"bundled_by":[],"bundle_stock_status":"instock","bundle_stock_quantity":"","bundle_virtual":true,"bundle_layout":"default","bundle_add_to_cart_form_location":"default","bundle_editable_in_cart":false,"bundle_sold_individually_context":"product","bundle_item_grouping":"parent","bundle_min_size":"","bundle_max_size":"","bundle_price":{"price":{"min":{"incl_tax":"3400","excl_tax":"2977.27"},"max":{"incl_tax":"4415","excl_tax":"3899.99"}},"regular_price":{"min":{"incl_tax":"3400","excl_tax":"2977.27"},"max":{"incl_tax":"4415","excl_tax":"3899.99"}}},"bundled_items":[{"bundled_item_id":211,"product_id":1593,"menu_order":0,"quantity_min":1,"quantity_max":1,"quantity_default":1,"priced_individually":true,"shipped_individually":true,"override_title":false,"title":"Niveau 1 - restauration compl\u00e8te","override_description":false,"description":"","optional":false,"hide_thumbnail":false,"discount":"","override_variations":false,"allowed_variations":[],"override_default_variation_attributes":false,"default_variation_attributes":[],"single_product_visibility":"hidden","cart_visibility":"hidden","order_visibility":"hidden","single_product_price_visibility":"visible","cart_price_visibility":"visible","order_price_visibility":"visible","stock_status":"in_stock"},{"bundled_item_id":213,"product_id":1581,"menu_order":1,"quantity_min":1,"quantity_max":1,"quantity_default":1,"priced_individually":true,"shipped_individually":false,"override_title":false,"title":"Niveau 1 | Semaine Immersion \u2013 logement","override_description":false,"description":"","optional":false,"hide_thumbnail":true,"discount":"","override_variations":false,"allowed_variations":[],"override_default_variation_attributes":false,"default_variation_attributes":[],"single_product_visibility":"visible","cart_visibility":"visible","order_visibility":"visible","single_product_price_visibility":"visible","cart_price_visibility":"visible","order_price_visibility":"visible","stock_status":"in_stock"},{"bundled_item_id":217,"product_id":1625,"menu_order":2,"quantity_min":1,"quantity_max":1,"quantity_default":1,"priced_individually":true,"shipped_individually":true,"override_title":false,"title":"Niveau 1 - enseignement compl\u00e8te","override_description":false,"description":"","optional":false,"hide_thumbnail":true,"discount":"","override_variations":false,"allowed_variations":[],"override_default_variation_attributes":false,"default_variation_attributes":[],"single_product_visibility":"visible","cart_visibility":"hidden","order_visibility":"hidden","single_product_price_visibility":"visible","cart_price_visibility":"visible","order_price_visibility":"visible","stock_status":"in_stock"},{"bundled_item_id":218,"product_id":6019,"menu_order":3,"quantity_min":1,"quantity_max":1,"quantity_default":1,"priced_individually":true,"shipped_individually":false,"override_title":false,"title":"Niveau 1 \u2013 logement Semaine 1 &amp; 2","override_description":false,"description":"","optional":false,"hide_thumbnail":true,"discount":"","override_variations":false,"allowed_variations":[],"override_default_variation_attributes":false,"default_variation_attributes":[],"single_product_visibility":"visible","cart_visibility":"hidden","order_visibility":"hidden","single_product_price_visibility":"visible","cart_price_visibility":"visible","order_price_visibility":"visible","stock_status":"in_stock"}],"bundle_sell_ids":[],"acf":[],"yoast_head":"<!-- This site is optimized with the Yoast SEO plugin v27.3 - https:\/\/yoast.com\/product\/yoast-seo-wordpress\/ -->\n<title>Niveau 1 Le Martinet Immersion - ANS FR<\/title>\n<meta name=\"robots\" content=\"index, follow, max-snippet:-1, max-image-preview:large, max-video-preview:-1\" \/>\n<link rel=\"canonical\" href=\"https:\/\/www.amritnam.com\/fr\/product\/niveau-1-le-martinet-immersion\/\" \/>\n<meta property=\"og:locale\" content=\"fr_FR\" \/>\n<meta property=\"og:type\" content=\"article\" \/>\n<meta property=\"og:title\" content=\"Niveau 1 Le Martinet Immersion - ANS FR\" \/>\n<meta property=\"og:description\" content=\"20 Juin - 12 Juliet 2026 | au Martinet\" \/>\n<meta property=\"og:url\" content=\"https:\/\/www.amritnam.com\/fr\/product\/niveau-1-le-martinet-immersion\/\" \/>\n<meta property=\"og:site_name\" content=\"ANS FR\" \/>\n<meta property=\"article:modified_time\" content=\"2025-09-22T11:29:48+00:00\" \/>\n<meta property=\"og:image\" content=\"https:\/\/www.amritnam.com\/fr\/wp-content\/uploads\/sites\/2\/2025\/09\/photo-2025-07-14-16-34-55-3.jpg\" \/>\n\t<meta property=\"og:image:width\" content=\"1536\" \/>\n\t<meta property=\"og:image:height\" content=\"1536\" \/>\n\t<meta property=\"og:image:type\" content=\"image\/jpeg\" \/>\n<meta name=\"twitter:card\" content=\"summary_large_image\" \/>\n<meta name=\"twitter:label1\" content=\"Dur\u00e9e de lecture estim\u00e9e\" \/>\n\t<meta name=\"twitter:data1\" content=\"3 minutes\" \/>\n<script type=\"application\/ld+json\" class=\"yoast-schema-graph\">{\"@context\":\"https:\\\/\\\/schema.org\",\"@graph\":[{\"@type\":\"WebPage\",\"@id\":\"https:\\\/\\\/www.amritnam.com\\\/fr\\\/product\\\/niveau-1-le-martinet-immersion\\\/\",\"url\":\"https:\\\/\\\/www.amritnam.com\\\/fr\\\/product\\\/niveau-1-le-martinet-immersion\\\/\",\"name\":\"Niveau 1 Le Martinet Immersion - ANS FR\",\"isPartOf\":{\"@id\":\"https:\\\/\\\/www.amritnam.com\\\/fr\\\/#website\"},\"primaryImageOfPage\":{\"@id\":\"https:\\\/\\\/www.amritnam.com\\\/fr\\\/product\\\/niveau-1-le-martinet-immersion\\\/#primaryimage\"},\"image\":{\"@id\":\"https:\\\/\\\/www.amritnam.com\\\/fr\\\/product\\\/niveau-1-le-martinet-immersion\\\/#primaryimage\"},\"thumbnailUrl\":\"https:\\\/\\\/www.amritnam.com\\\/fr\\\/wp-content\\\/uploads\\\/sites\\\/2\\\/2025\\\/09\\\/photo-2025-07-14-16-34-55-3.jpg\",\"datePublished\":\"2025-09-22T10:39:22+00:00\",\"dateModified\":\"2025-09-22T11:29:48+00:00\",\"breadcrumb\":{\"@id\":\"https:\\\/\\\/www.amritnam.com\\\/fr\\\/product\\\/niveau-1-le-martinet-immersion\\\/#breadcrumb\"},\"inLanguage\":\"fr-FR\",\"potentialAction\":[{\"@type\":\"ReadAction\",\"target\":[\"https:\\\/\\\/www.amritnam.com\\\/fr\\\/product\\\/niveau-1-le-martinet-immersion\\\/\"]}]},{\"@type\":\"ImageObject\",\"inLanguage\":\"fr-FR\",\"@id\":\"https:\\\/\\\/www.amritnam.com\\\/fr\\\/product\\\/niveau-1-le-martinet-immersion\\\/#primaryimage\",\"url\":\"https:\\\/\\\/www.amritnam.com\\\/fr\\\/wp-content\\\/uploads\\\/sites\\\/2\\\/2025\\\/09\\\/photo-2025-07-14-16-34-55-3.jpg\",\"contentUrl\":\"https:\\\/\\\/www.amritnam.com\\\/fr\\\/wp-content\\\/uploads\\\/sites\\\/2\\\/2025\\\/09\\\/photo-2025-07-14-16-34-55-3.jpg\",\"width\":1536,\"height\":1536},{\"@type\":\"BreadcrumbList\",\"@id\":\"https:\\\/\\\/www.amritnam.com\\\/fr\\\/product\\\/niveau-1-le-martinet-immersion\\\/#breadcrumb\",\"itemListElement\":[{\"@type\":\"ListItem\",\"position\":1,\"name\":\"Home\",\"item\":\"https:\\\/\\\/www.amritnam.com\\\/fr\\\/\"},{\"@type\":\"ListItem\",\"position\":2,\"name\":\"Shop\",\"item\":\"https:\\\/\\\/www.amritnam.com\\\/fr\\\/shop\\\/\"},{\"@type\":\"ListItem\",\"position\":3,\"name\":\"Niveau 1 Le Martinet Immersion\"}]},{\"@type\":\"WebSite\",\"@id\":\"https:\\\/\\\/www.amritnam.com\\\/fr\\\/#website\",\"url\":\"https:\\\/\\\/www.amritnam.com\\\/fr\\\/\",\"name\":\"ANS FR\",\"description\":\"Amrit Nam Sarovar \u2013 International Kundalini Yoga School\",\"potentialAction\":[{\"@type\":\"SearchAction\",\"target\":{\"@type\":\"EntryPoint\",\"urlTemplate\":\"https:\\\/\\\/www.amritnam.com\\\/fr\\\/?s={search_term_string}\"},\"query-input\":{\"@type\":\"PropertyValueSpecification\",\"valueRequired\":true,\"valueName\":\"search_term_string\"}}],\"inLanguage\":\"fr-FR\"}]}<\/script>\n<!-- \/ Yoast SEO plugin. -->","yoast_head_json":{"title":"Niveau 1 Le Martinet Immersion - ANS FR","robots":{"index":"index","follow":"follow","max-snippet":"max-snippet:-1","max-image-preview":"max-image-preview:large","max-video-preview":"max-video-preview:-1"},"canonical":"https:\/\/www.amritnam.com\/fr\/product\/niveau-1-le-martinet-immersion\/","og_locale":"fr_FR","og_type":"article","og_title":"Niveau 1 Le Martinet Immersion - ANS FR","og_description":"20 Juin - 12 Juliet 2026 | au Martinet","og_url":"https:\/\/www.amritnam.com\/fr\/product\/niveau-1-le-martinet-immersion\/","og_site_name":"ANS FR","article_modified_time":"2025-09-22T11:29:48+00:00","og_image":[{"width":1536,"height":1536,"url":"https:\/\/www.amritnam.com\/fr\/wp-content\/uploads\/sites\/2\/2025\/09\/photo-2025-07-14-16-34-55-3.jpg","type":"image\/jpeg"}],"twitter_card":"summary_large_image","twitter_misc":{"Dur\u00e9e de lecture estim\u00e9e":"3 minutes"},"schema":{"@context":"https:\/\/schema.org","@graph":[{"@type":"WebPage","@id":"https:\/\/www.amritnam.com\/fr\/product\/niveau-1-le-martinet-immersion\/","url":"https:\/\/www.amritnam.com\/fr\/product\/niveau-1-le-martinet-immersion\/","name":"Niveau 1 Le Martinet Immersion - ANS FR","isPartOf":{"@id":"https:\/\/www.amritnam.com\/fr\/#website"},"primaryImageOfPage":{"@id":"https:\/\/www.amritnam.com\/fr\/product\/niveau-1-le-martinet-immersion\/#primaryimage"},"image":{"@id":"https:\/\/www.amritnam.com\/fr\/product\/niveau-1-le-martinet-immersion\/#primaryimage"},"thumbnailUrl":"https:\/\/www.amritnam.com\/fr\/wp-content\/uploads\/sites\/2\/2025\/09\/photo-2025-07-14-16-34-55-3.jpg","datePublished":"2025-09-22T10:39:22+00:00","dateModified":"2025-09-22T11:29:48+00:00","breadcrumb":{"@id":"https:\/\/www.amritnam.com\/fr\/product\/niveau-1-le-martinet-immersion\/#breadcrumb"},"inLanguage":"fr-FR","potentialAction":[{"@type":"ReadAction","target":["https:\/\/www.amritnam.com\/fr\/product\/niveau-1-le-martinet-immersion\/"]}]},{"@type":"ImageObject","inLanguage":"fr-FR","@id":"https:\/\/www.amritnam.com\/fr\/product\/niveau-1-le-martinet-immersion\/#primaryimage","url":"https:\/\/www.amritnam.com\/fr\/wp-content\/uploads\/sites\/2\/2025\/09\/photo-2025-07-14-16-34-55-3.jpg","contentUrl":"https:\/\/www.amritnam.com\/fr\/wp-content\/uploads\/sites\/2\/2025\/09\/photo-2025-07-14-16-34-55-3.jpg","width":1536,"height":1536},{"@type":"BreadcrumbList","@id":"https:\/\/www.amritnam.com\/fr\/product\/niveau-1-le-martinet-immersion\/#breadcrumb","itemListElement":[{"@type":"ListItem","position":1,"name":"Home","item":"https:\/\/www.amritnam.com\/fr\/"},{"@type":"ListItem","position":2,"name":"Shop","item":"https:\/\/www.amritnam.com\/fr\/shop\/"},{"@type":"ListItem","position":3,"name":"Niveau 1 Le Martinet Immersion"}]},{"@type":"WebSite","@id":"https:\/\/www.amritnam.com\/fr\/#website","url":"https:\/\/www.amritnam.com\/fr\/","name":"ANS FR","description":"Amrit Nam Sarovar \u2013 International Kundalini Yoga School","potentialAction":[{"@type":"SearchAction","target":{"@type":"EntryPoint","urlTemplate":"https:\/\/www.amritnam.com\/fr\/?s={search_term_string}"},"query-input":{"@type":"PropertyValueSpecification","valueRequired":true,"valueName":"search_term_string"}}],"inLanguage":"fr-FR"}]}},"_links":{"self":[{"href":"https:\/\/www.amritnam.com\/fr\/wp-json\/wp\/v2\/product\/6030","targetHints":{"allow":["GET"]}}],"collection":[{"href":"https:\/\/www.amritnam.com\/fr\/wp-json\/wp\/v2\/product"}],"about":[{"href":"https:\/\/www.amritnam.com\/fr\/wp-json\/wp\/v2\/types\/product"}],"wp:featuredmedia":[{"embeddable":true,"href":"https:\/\/www.amritnam.com\/fr\/wp-json\/wp\/v2\/media\/6031"}],"wp:attachment":[{"href":"https:\/\/www.amritnam.com\/fr\/wp-json\/wp\/v2\/media?parent=6030"}],"wp:term":[{"taxonomy":"product_brand","embeddable":true,"href":"https:\/\/www.amritnam.com\/fr\/wp-json\/wp\/v2\/product_brand?post=6030"},{"taxonomy":"product_cat","embeddable":true,"href":"https:\/\/www.amritnam.com\/fr\/wp-json\/wp\/v2\/product_cat?post=6030"},{"taxonomy":"product_tag","embeddable":true,"href":"https:\/\/www.amritnam.com\/fr\/wp-json\/wp\/v2\/product_tag?post=6030"}],"curies":[{"name":"wp","href":"https:\/\/api.w.org\/{rel}","templated":true}]}}